{"id":5902,"date":"2025-07-08T17:10:31","date_gmt":"2025-07-08T15:10:31","guid":{"rendered":"https:\/\/www.hoteltucblancbaqueira.com\/avis-legal\/"},"modified":"2025-08-13T16:22:25","modified_gmt":"2025-08-13T14:22:25","slug":"avis-legal","status":"publish","type":"page","link":"https:\/\/www.hoteltucblancbaqueira.com\/ca\/avis-legal\/","title":{"rendered":"Av\u00eds legal"},"content":{"rendered":"\t\t<div data-elementor-type=\"wp-page\" data-elementor-id=\"5902\" class=\"elementor elementor-5902 elementor-4742\" data-elementor-post-type=\"page\">\n\t\t\t\t<div class=\"elementor-element elementor-element-693e65f e-con-full e-flex e-con e-parent\" data-id=\"693e65f\" data-element_type=\"container\" data-e-type=\"container\">\n\t\t\t\t<\/div>\n\t\t<div class=\"elementor-element elementor-element-a306702 e-flex e-con-boxed e-con e-parent\" data-id=\"a306702\" data-element_type=\"container\" data-e-type=\"container\">\n\t\t\t\t\t<div class=\"e-con-inner\">\n\t\t\t\t<div class=\"elementor-element elementor-element-cd68ad3 elementor-widget elementor-widget-cs_title\" data-id=\"cd68ad3\" data-element_type=\"widget\" data-e-type=\"widget\" data-widget_type=\"cs_title.default\">\n\t\t\t\t<div class=\"elementor-widget-container\">\n\t\t\t\t\t\n        <div class=\"cs-title-wrap text-left\">\t            <h4 class=\"cs-title\">\n\t                Av\u00eds legal\t            <\/h4>\t            <div class=\"cs-title-text\">\n\t                <p style=\"text-align: left;\">En compliment de la Llei 34\/2002, d&#8217;11 de juliol, de Serveis de la Societat de la Informaci\u00f3 i de Comer\u00e7 electr\u00f2nic, s&#8217;informa l&#8217;Usuari que el titular de la p\u00e0gina web <a href=\"https:\/\/www.hoteltucblancbaqueira.com\/ca\/\">https:\/\/www.hoteltucblancbaqueira.com<\/a> \u00e9s de la societat <strong>ESQUIA, S. A<\/strong>., i les seves dades d&#8217;identificaci\u00f3 s\u00f3n les seg\u00fcents:<\/p><p style=\"text-align: left;\">Domicili social: <strong>Ctra. Bonaigua s\/n <\/strong><br>CP: <strong>25598<\/strong> Poblaci\u00f3: <strong>Baqueira<\/strong> Prov\u00edncia: <strong>Lleida<\/strong><br>CIF: <strong>A43028786<\/strong><br>Correu electr\u00f2nic: <a href=\"mailto:direccion@hoteltucblanc.com\">direccion@hoteltucblanc.com<\/a><br>Dades del registre: la societat est\u00e0 inscrita en el Registre Mercantil de Tarragona, en el Tom 141, llibre 82, de la secci\u00f3 3a, foli 50 i fulla n\u00famero 3012.<\/p><h3 style=\"text-align: left;\">1. ACCEDIR A LA P\u00c0GINA WEB:<\/h3><p style=\"text-align: left;\">L&#8217;av\u00eds Legal regula l&#8217;acc\u00e9s i \u00fas dels Usuaris a la p\u00e0gina web i t\u00e9 per objecte donar a con\u00e8ixer els serveis i productes de l&#8217;entitat i permetre l&#8217;acc\u00e9s general de tots els usuaris d&#8217;Internet.<\/p><p style=\"text-align: left;\">L&#8217;acc\u00e9s i\/o \u00fas de la Web atribueix a qui el realitza la condici\u00f3 d&#8217;Usuari i l&#8217;acceptaci\u00f3, sense reserves de cap classe, de totes i cadascuna de les presents condicions generals, aix\u00ed com d&#8217;aquelles altres particulars que, si escau, regeixin la utilitzaci\u00f3 del Portal o dels serveis vinculats a aquest.<\/p><p style=\"text-align: left;\">L&#8217;usuari ha de llegir atentament l&#8217;Av\u00eds Legal i les Pol\u00edtiques de Privacitat i de Cookies quan es proposi utilitzar la P\u00e0gina Web, ja que <strong>ESQUIA, S. A<\/strong>. es reserva la facultat de realitzar, en qualsevol moment i sense necessitat de cap preav\u00eds, qualsevol modificaci\u00f3 o actualitzaci\u00f3 dels continguts i serveis, de les presents disposicions d&#8217;acc\u00e9s i \u00fas i, en general, de quants elements integrin el disseny i configuraci\u00f3 del seu Web. Si no accepta les condicions d&#8217;acc\u00e9s i \u00fas, li preguem que s&#8217;abstingui d&#8217;utilitzar el Web i el seu contingut. <\/p><h3 style=\"text-align: left;\">2. UTILITZACI\u00d3 DE LA P\u00c0GINA WEB:<\/h3><p style=\"text-align: left;\">L&#8217;Usuari es compromet a fer un \u00fas diligent de la P\u00e0gina Web, aix\u00ed com de la informaci\u00f3 relativa als seus serveis i\/o activitats, amb total subjecci\u00f3 tant a la normativa aplicable, aix\u00ed com amb la moral i els bons costums generalment acceptades i l&#8217;ordre p\u00fablic, les condicions d&#8217;acc\u00e9s i \u00fas i qualssevol altres condicions establertes a la P\u00e0gina Web.<\/p><p style=\"text-align: left;\">A m\u00e9s, es compromet a abstenir-se d&#8217;utilitzar qualsevol dels continguts amb finalitats o efectes il\u00b7l\u00edcits, prohibits en el present text, lesius dels drets i interessos de tercers, o que de qualsevol forma puguin danyar, inutilitzar, sobrecarregar, deteriorar o impedir la normal utilitzaci\u00f3 dels continguts, altres Usuaris o de qualsevol usuari d&#8217;Internet (maquinari i programari).<\/p><h3 style=\"text-align: left;\">3. FUNCIONAMENT DE LA P\u00c0GINA WEB:<\/h3><p style=\"text-align: left;\">En cas d&#8217;incompliment de les condicions de l&#8217;Av\u00eds Legal, o les Pol\u00edtiques de Privacitat i Cookies, <strong>ESQUIA, S. A.<\/strong> es reserva el dret a limitar, suspendre i\/o excloure l&#8217;acc\u00e9s en la seva P\u00e0gina Web, adoptant qualsevol mesura t\u00e8cnica necess\u00e0ria al seu respecte. <strong>ESQUIA, S. A.<\/strong> far\u00e0 el possible per a mantenir la p\u00e0gina Web en bon funcionament, evitant errors, o b\u00e9 reparant-los i mantenint els continguts actualitzats Ara b\u00e9, <strong>ESQUIA, S. A.<\/strong> no garanteix la disponibilitat i continu\u00eftat en l&#8217;acc\u00e9s en la P\u00e0gina Web ni la inexist\u00e8ncia d&#8217;errors en el contingut.<\/p><h3 style=\"text-align: left;\">4. RESPONSABILITAT:<\/h3><p style=\"text-align: left;\">L&#8217;Usuari \u00e9s l&#8217;\u00fanic responsable de l&#8217;\u00fas que es pugui fer de qualsevol informaci\u00f3 o mecanisme de la P\u00e0gina Web.<\/p><p style=\"text-align: left;\"><strong>ESQUIA, S. A. <\/strong>no es far\u00e0 responsable de cap mal en el maquinari i\/o programari de l&#8217;Usuari que es derivi de l&#8217;acc\u00e9s i \u00fas de la P\u00e0gina Web. Aix\u00ed mateix, tampoc es responsabilitzar\u00e0 d&#8217;aquests danys i\/o perjudicis que es puguin ocasionar per l&#8217;acc\u00e9s i\/o \u00fas de la informaci\u00f3 de la P\u00e0gina Web, i en concret dels quals es puguin produir en sistemes inform\u00e0tics o els provocats per virus \/o atacs inform\u00e0tics, caigudes, interrupcions abs\u00e8ncia o defecte en les comunicacions i\/o Internet. <\/p><p style=\"text-align: left;\">L&#8217;Usuari ser\u00e0 responsable dels danys i\/o perjudicis que <strong>ESQUIA, S.A. <\/strong>pugui sofrir a conseq\u00fc\u00e8ncia de l&#8217;incompliment de qualsevol dels obligacions a les quals queda sotm\u00e8s a trav\u00e9s del present Av\u00eds Legal, la normativa aplicable i Pol\u00edtica de Privacitat i de Cookies.<\/p><h3 style=\"text-align: left;\">5. POL\u00cdTICA EN MAT\u00c8RIA DE \u201cLINKS\u201d (WEB ENLLA\u00c7ANT I WEB ENLLA\u00c7ADA):<\/h3><h4 style=\"text-align: left;\">a) Web enlla\u00e7ant:<\/h4><p style=\"text-align: left;\">Els tercers que tinguin la intenci\u00f3 d&#8217;incloure en una p\u00e0gina web un enlla\u00e7 de la present p\u00e0gina web hauran de complir amb la legislaci\u00f3 vigent i no podran allotjar continguts que siguin inapropiats, il\u00b7l\u00edcits, pornogr\u00e0fics, violents, etc.<\/p><p style=\"text-align: left;\">En cap cas<strong> ESQUIA, S. A.<\/strong> es fa responsable del contingut de la P\u00e0gina Web, ni promou, garanteix, supervisa ni recomana els continguts d&#8217;aquesta.<\/p><p style=\"text-align: left;\">Si la Web enlla\u00e7ant incompleix algun dels aspectes anteriors estar\u00e0 obligat a suprimir l&#8217;enlla\u00e7 de manera immediata.<\/p><h4 style=\"text-align: left;\">b) Web enlla\u00e7ada:<\/h4><p style=\"text-align: left;\">En aquesta P\u00e0gina Web es poden incloure enlla\u00e7os de p\u00e0gines web de tercers que permetin a l&#8217;Usuari accedir. No obstant aix\u00f2, <strong>ESQUIA, S. A.<\/strong> no es fa responsable del contingut d&#8217;aquestes p\u00e0gines web enlla\u00e7ades, sin\u00f3 que ser\u00e0 l&#8217;Usuari l&#8217;encarregat d&#8217;acceptar i comprovar els accessos cada vegada que accedeixi. <\/p><p style=\"text-align: left;\">Tals enlla\u00e7os o esments tenen una finalitat que no impliquen el suport, l&#8217;aprovaci\u00f3, comercialitzaci\u00f3 o cap relaci\u00f3 entre la p\u00e0gina i les persones o entitats titulars dels llocs on es trobin<\/p><h3 style=\"text-align: left;\">6. PROPIETAT INTEL\u00b7LECTUAL I INDUSTRIAL SOBRE ELS CONTINGUTS:<\/h3><p style=\"text-align: left;\"><strong>ESQUIA, S.A.<\/strong> o els seus llicenciadors, s\u00f3n titulars de tots els drets de propietat intel\u00b7lectual sobre els Continguts de la P\u00e0gina Web, entenent com a tal tots els dissenys, bases de dades, programes d&#8217;ordinadors subjacents (codi font, incl\u00f2s), aix\u00ed com els diferents elements que integren la P\u00e0gina Web (textos, gr\u00e0fics, fotografies, v\u00eddeos, colors, etc.), estructura, ordre, etc. En relaci\u00f3 a les marques i noms comercials (\u201csignes distintius\u201d) s\u00f3n titularitat de<strong> ESQUIA, S.A. <\/strong>o els llicenciadors. <\/p><p style=\"text-align: left;\">L&#8217;\u00fas de la P\u00e0gina Web per part de l&#8217;Usuari no suposa la cessi\u00f3 de cap dret de propietat intel\u00b7lectual ni industrial. L&#8217;Usuari t\u00e9 totalment prohibit reproduir, copiar, distribuir, posar a disposici\u00f3 o de qualsevol altra manera de comunicar p\u00fablicament, transformar o modificar els Continguts o els Signes distintius, tret que es compti amb l&#8217;autoritzaci\u00f3 del titular dels corresponents drets o aix\u00f2 resulti legalment perm\u00e8s. <\/p><h3 style=\"text-align: left;\">7. PUBLICITAT:<\/h3><p style=\"text-align: left;\">En la p\u00e0gina Web podran allotjar-se continguts publicitaris o patrocinats. Els anunciants o patrocinadors s\u00f3n els \u00fanics responsables d&#8217;assegurar-se que el material rem\u00e8s per a la seva inclusi\u00f3 en la Web compleix amb les lleis que en cada cas puguin ser aplicables. <\/p><p style=\"text-align: left;\"><strong>ESQUIA, S.A. <\/strong>no ser\u00e0 responsable de cap error, inexactitud o irregularitat que puguin contenir els continguts publicitaris o dels patrocinadors.<\/p><h3 style=\"text-align: left;\">8. LEGISLACI\u00d3 APLICABLE:<\/h3><p style=\"text-align: left;\">L&#8217;Av\u00eds Legal es regir\u00e0 i interpretar\u00e0 de conformitat amb la legislaci\u00f3 espanyola.<\/p><p style=\"text-align: left;\">Per a la resoluci\u00f3 de qualsevol conflicte que pogu\u00e9s derivar-se de l&#8217;acc\u00e9s al lloc web, se sotmetran als jutjats o tribunals pertinents de conformitat amb la normativa de consumidors i usuaris.<\/p><h3 style=\"text-align: left;\">9. CONTACTE:<\/h3><p style=\"text-align: left;\">Per a qualsevol pregunta o comentari sobre el present av\u00eds legal us podeu posar en contacte amb nosaltres a trav\u00e9s del correu electr\u00f2nic <a href=\"mailto:direccion@hoteltucblanc.com\">direccion@hoteltucblanc.com<\/a><\/p>\t            <\/div>        <\/div>\t\t\t\t<\/div>\n\t\t\t\t<\/div>\n\t\t\t\t\t<\/div>\n\t\t\t\t<\/div>\n\t\t\t\t<\/div>\n\t\t","protected":false},"excerpt":{"rendered":"<p>Av\u00eds legal En compliment de la Llei 34\/2002, d&#8217;11 de juliol, de Serveis de la Societat de la Informaci\u00f3 i de Comer\u00e7 electr\u00f2nic, s&#8217;informa l&#8217;Usuari que el titular de la p\u00e0gina web https:\/\/www.hoteltucblancbaqueira.com \u00e9s de la societat ESQUIA, S. A., i les seves dades d&#8217;identificaci\u00f3 s\u00f3n les seg\u00fcents: Domicili social: Ctra. Bonaigua s\/n CP: 25598 &#8230;<\/p>\n","protected":false},"author":1,"featured_media":0,"parent":0,"menu_order":0,"comment_status":"closed","ping_status":"closed","template":"template-wide-content.php","meta":{"cozystay_single_page_hide_site_header":"","cozystay_single_page_site_header_source":"","cozystay_single_page_custom_site_header":"0","cozystay_single_page_custom_sticky_site_header":"0","cozystay_single_page_hide_page_title":"","cozystay_single_page_header_section_size":"","cozystay_single_page_header_background_color":"","cozystay_single_page_header_background_position_x":"center","cozystay_single_page_header_background_position_y":"center","cozystay_single_page_header_background_size":"cover","cozystay_single_page_header_background_repeat":"off","cozystay_single_page_header_background_scroll":"on","cozystay_single_page_header_text_color":"","cozystay_single_page_header_show_breadcrumb":"","cozystay_single_page_site_footer_hide_main":"","cozystay_single_custom_site_footer_main_source":"","cozystay_single_custom_site_footer_main":"0","cozystay_single_page_site_footer_hide_above":"","cozystay_single_custom_site_footer_above_source":"","cozystay_single_custom_site_footer_above":"0","cozystay_single_page_site_footer_hide_instagram":"","cozystay_single_page_site_footer_hide_bottom":"","cozystay_single_custom_mobile_menu_source":"","cozystay_single_custom_mobile_menu":"0","cozystay_single_custom_mobile_menu_animation":"","cozystay_single_custom_mobile_menu_width":"","cozystay_single_custom_mobile_menu_custom_width":375,"footnotes":""},"class_list":["post-5902","page","type-page","status-publish","hentry"],"yoast_head":"<!-- This site is optimized with the Yoast SEO plugin v27.0 - https:\/\/yoast.com\/product\/yoast-seo-wordpress\/ -->\n<title>Av\u00eds legal | Hotel Tuc Blanc Baqueira<\/title>\n<meta name=\"robots\" content=\"index, follow, max-snippet:-1, max-image-preview:large, max-video-preview:-1\" \/>\n<link rel=\"canonical\" href=\"https:\/\/www.hoteltucblancbaqueira.com\/ca\/avis-legal\/\" \/>\n<meta property=\"og:locale\" content=\"ca_ES\" \/>\n<meta property=\"og:type\" content=\"article\" \/>\n<meta property=\"og:title\" content=\"Av\u00eds legal | Hotel Tuc Blanc Baqueira\" \/>\n<meta property=\"og:description\" content=\"Av\u00eds legal En compliment de la Llei 34\/2002, d&#8217;11 de juliol, de Serveis de la Societat de la Informaci\u00f3 i de Comer\u00e7 electr\u00f2nic, s&#8217;informa l&#8217;Usuari que el titular de la p\u00e0gina web https:\/\/www.hoteltucblancbaqueira.com \u00e9s de la societat ESQUIA, S. A., i les seves dades d&#8217;identificaci\u00f3 s\u00f3n les seg\u00fcents: Domicili social: Ctra. Bonaigua s\/n CP: 25598 ...\" \/>\n<meta property=\"og:url\" content=\"https:\/\/www.hoteltucblancbaqueira.com\/ca\/avis-legal\/\" \/>\n<meta property=\"og:site_name\" content=\"Hotel Tuc Blanc Baqueira\" \/>\n<meta property=\"article:modified_time\" content=\"2025-08-13T14:22:25+00:00\" \/>\n<meta name=\"twitter:card\" content=\"summary_large_image\" \/>\n<meta name=\"twitter:label1\" content=\"Temps estimat de lectura\" \/>\n\t<meta name=\"twitter:data1\" content=\"6 minuts\" \/>\n<script type=\"application\/ld+json\" class=\"yoast-schema-graph\">{\"@context\":\"https:\/\/schema.org\",\"@graph\":[{\"@type\":\"WebPage\",\"@id\":\"https:\/\/www.hoteltucblancbaqueira.com\/ca\/avis-legal\/\",\"url\":\"https:\/\/www.hoteltucblancbaqueira.com\/ca\/avis-legal\/\",\"name\":\"Av\u00eds legal | Hotel Tuc Blanc Baqueira\",\"isPartOf\":{\"@id\":\"https:\/\/www.hoteltucblancbaqueira.com\/ca\/#website\"},\"datePublished\":\"2025-07-08T15:10:31+00:00\",\"dateModified\":\"2025-08-13T14:22:25+00:00\",\"breadcrumb\":{\"@id\":\"https:\/\/www.hoteltucblancbaqueira.com\/ca\/avis-legal\/#breadcrumb\"},\"inLanguage\":\"ca\",\"potentialAction\":[{\"@type\":\"ReadAction\",\"target\":[\"https:\/\/www.hoteltucblancbaqueira.com\/ca\/avis-legal\/\"]}]},{\"@type\":\"BreadcrumbList\",\"@id\":\"https:\/\/www.hoteltucblancbaqueira.com\/ca\/avis-legal\/#breadcrumb\",\"itemListElement\":[{\"@type\":\"ListItem\",\"position\":1,\"name\":\"Portada\",\"item\":\"https:\/\/www.hoteltucblancbaqueira.com\/ca\/\"},{\"@type\":\"ListItem\",\"position\":2,\"name\":\"Av\u00eds legal\"}]},{\"@type\":\"WebSite\",\"@id\":\"https:\/\/www.hoteltucblancbaqueira.com\/ca\/#website\",\"url\":\"https:\/\/www.hoteltucblancbaqueira.com\/ca\/\",\"name\":\"Hotel Tuc Blanc Baqueira\",\"description\":\"Hotel en Baqueira a pie de pistas\",\"publisher\":{\"@id\":\"https:\/\/www.hoteltucblancbaqueira.com\/ca\/#organization\"},\"potentialAction\":[{\"@type\":\"SearchAction\",\"target\":{\"@type\":\"EntryPoint\",\"urlTemplate\":\"https:\/\/www.hoteltucblancbaqueira.com\/ca\/?s={search_term_string}\"},\"query-input\":{\"@type\":\"PropertyValueSpecification\",\"valueRequired\":true,\"valueName\":\"search_term_string\"}}],\"inLanguage\":\"ca\"},{\"@type\":\"Organization\",\"@id\":\"https:\/\/www.hoteltucblancbaqueira.com\/ca\/#organization\",\"name\":\"Hotel Tuc Blanc Baqueira\",\"url\":\"https:\/\/www.hoteltucblancbaqueira.com\/ca\/\",\"logo\":{\"@type\":\"ImageObject\",\"inLanguage\":\"ca\",\"@id\":\"https:\/\/www.hoteltucblancbaqueira.com\/ca\/#\/schema\/logo\/image\/\",\"url\":\"https:\/\/www.hoteltucblancbaqueira.com\/wp-content\/uploads\/2025\/05\/logo_header.svg\",\"contentUrl\":\"https:\/\/www.hoteltucblancbaqueira.com\/wp-content\/uploads\/2025\/05\/logo_header.svg\",\"width\":398,\"height\":101,\"caption\":\"Hotel Tuc Blanc Baqueira\"},\"image\":{\"@id\":\"https:\/\/www.hoteltucblancbaqueira.com\/ca\/#\/schema\/logo\/image\/\"}}]}<\/script>\n<!-- \/ Yoast SEO plugin. -->","yoast_head_json":{"title":"Av\u00eds legal | Hotel Tuc Blanc Baqueira","robots":{"index":"index","follow":"follow","max-snippet":"max-snippet:-1","max-image-preview":"max-image-preview:large","max-video-preview":"max-video-preview:-1"},"canonical":"https:\/\/www.hoteltucblancbaqueira.com\/ca\/avis-legal\/","og_locale":"ca_ES","og_type":"article","og_title":"Av\u00eds legal | Hotel Tuc Blanc Baqueira","og_description":"Av\u00eds legal En compliment de la Llei 34\/2002, d&#8217;11 de juliol, de Serveis de la Societat de la Informaci\u00f3 i de Comer\u00e7 electr\u00f2nic, s&#8217;informa l&#8217;Usuari que el titular de la p\u00e0gina web https:\/\/www.hoteltucblancbaqueira.com \u00e9s de la societat ESQUIA, S. A., i les seves dades d&#8217;identificaci\u00f3 s\u00f3n les seg\u00fcents: Domicili social: Ctra. Bonaigua s\/n CP: 25598 ...","og_url":"https:\/\/www.hoteltucblancbaqueira.com\/ca\/avis-legal\/","og_site_name":"Hotel Tuc Blanc Baqueira","article_modified_time":"2025-08-13T14:22:25+00:00","twitter_card":"summary_large_image","twitter_misc":{"Temps estimat de lectura":"6 minuts"},"schema":{"@context":"https:\/\/schema.org","@graph":[{"@type":"WebPage","@id":"https:\/\/www.hoteltucblancbaqueira.com\/ca\/avis-legal\/","url":"https:\/\/www.hoteltucblancbaqueira.com\/ca\/avis-legal\/","name":"Av\u00eds legal | Hotel Tuc Blanc Baqueira","isPartOf":{"@id":"https:\/\/www.hoteltucblancbaqueira.com\/ca\/#website"},"datePublished":"2025-07-08T15:10:31+00:00","dateModified":"2025-08-13T14:22:25+00:00","breadcrumb":{"@id":"https:\/\/www.hoteltucblancbaqueira.com\/ca\/avis-legal\/#breadcrumb"},"inLanguage":"ca","potentialAction":[{"@type":"ReadAction","target":["https:\/\/www.hoteltucblancbaqueira.com\/ca\/avis-legal\/"]}]},{"@type":"BreadcrumbList","@id":"https:\/\/www.hoteltucblancbaqueira.com\/ca\/avis-legal\/#breadcrumb","itemListElement":[{"@type":"ListItem","position":1,"name":"Portada","item":"https:\/\/www.hoteltucblancbaqueira.com\/ca\/"},{"@type":"ListItem","position":2,"name":"Av\u00eds legal"}]},{"@type":"WebSite","@id":"https:\/\/www.hoteltucblancbaqueira.com\/ca\/#website","url":"https:\/\/www.hoteltucblancbaqueira.com\/ca\/","name":"Hotel Tuc Blanc Baqueira","description":"Hotel en Baqueira a pie de pistas","publisher":{"@id":"https:\/\/www.hoteltucblancbaqueira.com\/ca\/#organization"},"potentialAction":[{"@type":"SearchAction","target":{"@type":"EntryPoint","urlTemplate":"https:\/\/www.hoteltucblancbaqueira.com\/ca\/?s={search_term_string}"},"query-input":{"@type":"PropertyValueSpecification","valueRequired":true,"valueName":"search_term_string"}}],"inLanguage":"ca"},{"@type":"Organization","@id":"https:\/\/www.hoteltucblancbaqueira.com\/ca\/#organization","name":"Hotel Tuc Blanc Baqueira","url":"https:\/\/www.hoteltucblancbaqueira.com\/ca\/","logo":{"@type":"ImageObject","inLanguage":"ca","@id":"https:\/\/www.hoteltucblancbaqueira.com\/ca\/#\/schema\/logo\/image\/","url":"https:\/\/www.hoteltucblancbaqueira.com\/wp-content\/uploads\/2025\/05\/logo_header.svg","contentUrl":"https:\/\/www.hoteltucblancbaqueira.com\/wp-content\/uploads\/2025\/05\/logo_header.svg","width":398,"height":101,"caption":"Hotel Tuc Blanc Baqueira"},"image":{"@id":"https:\/\/www.hoteltucblancbaqueira.com\/ca\/#\/schema\/logo\/image\/"}}]}},"_links":{"self":[{"href":"https:\/\/www.hoteltucblancbaqueira.com\/ca\/wp-json\/wp\/v2\/pages\/5902","targetHints":{"allow":["GET"]}}],"collection":[{"href":"https:\/\/www.hoteltucblancbaqueira.com\/ca\/wp-json\/wp\/v2\/pages"}],"about":[{"href":"https:\/\/www.hoteltucblancbaqueira.com\/ca\/wp-json\/wp\/v2\/types\/page"}],"author":[{"embeddable":true,"href":"https:\/\/www.hoteltucblancbaqueira.com\/ca\/wp-json\/wp\/v2\/users\/1"}],"replies":[{"embeddable":true,"href":"https:\/\/www.hoteltucblancbaqueira.com\/ca\/wp-json\/wp\/v2\/comments?post=5902"}],"version-history":[{"count":0,"href":"https:\/\/www.hoteltucblancbaqueira.com\/ca\/wp-json\/wp\/v2\/pages\/5902\/revisions"}],"wp:attachment":[{"href":"https:\/\/www.hoteltucblancbaqueira.com\/ca\/wp-json\/wp\/v2\/media?parent=5902"}],"curies":[{"name":"wp","href":"https:\/\/api.w.org\/{rel}","templated":true}]}}