{"id":5922,"date":"2025-07-08T17:21:57","date_gmt":"2025-07-08T15:21:57","guid":{"rendered":"https:\/\/www.hoteltucblancbaqueira.com\/condicions-generals\/"},"modified":"2025-07-22T09:03:04","modified_gmt":"2025-07-22T07:03:04","slug":"condicions-generals","status":"publish","type":"page","link":"https:\/\/www.hoteltucblancbaqueira.com\/ca\/condicions-generals\/","title":{"rendered":"Condicions Generals"},"content":{"rendered":"\t\t<div data-elementor-type=\"wp-page\" data-elementor-id=\"5922\" class=\"elementor elementor-5922 elementor-4768\" data-elementor-post-type=\"page\">\n\t\t\t\t<div class=\"elementor-element elementor-element-693e65f e-con-full e-flex e-con e-parent\" data-id=\"693e65f\" data-element_type=\"container\" data-e-type=\"container\">\n\t\t\t\t<\/div>\n\t\t<div class=\"elementor-element elementor-element-a306702 e-flex e-con-boxed e-con e-parent\" data-id=\"a306702\" data-element_type=\"container\" data-e-type=\"container\">\n\t\t\t\t\t<div class=\"e-con-inner\">\n\t\t\t\t<div class=\"elementor-element elementor-element-cd68ad3 elementor-widget elementor-widget-cs_title\" data-id=\"cd68ad3\" data-element_type=\"widget\" data-e-type=\"widget\" data-widget_type=\"cs_title.default\">\n\t\t\t\t<div class=\"elementor-widget-container\">\n\t\t\t\t\t\n        <div class=\"cs-title-wrap text-left\">\t            <h4 class=\"cs-title\">\n\t                Condicions Generals\t            <\/h4>\t            <div class=\"cs-title-text\">\n\t                <p><a href=\"http:\/\/www.hoteltucblanc.com\/\">http:\/\/www.hoteltucblanc.com<\/a> \u00e9s un domini d&#8217;Internet que d&#8217;ara endavant direm WEB, propietat de ESQUIA, S.A.<\/p><p>La utilitzaci\u00f3 per l&#8217;usuari dels serveis continguts en la Web implica l&#8217;acceptaci\u00f3 expressa de les seg\u00fcents condicions generals dels dominis i l&#8217;acceptaci\u00f3 expl\u00edcita de les condicions generals que suposa un acord entre l&#8217;usuari i ESQUIA, S.A.<\/p><p>Condicions generals entre ESQUIA, S.A. i l&#8217;usuari:<\/p><ol><li>L&#8217;usuari declara que \u00e9s major d&#8217;edat (major de 18 anys) i disposa de capacitat legal necess\u00e0ria per a contractar els serveis tur\u00edstics oferts en la WEB, manifestant aix\u00ed mateix la seva vinculaci\u00f3 a aquest acord i ent\u00e9n i accepta \u00edntegrament les condicions aqu\u00ed enunciades per a utilitzar aquesta Web.<br> <\/li><li>L&#8217;usuari, per a poder contractar els diferents serveis que ofereix ESQUIA, S.A., oferts en la WEB, aix\u00ed com per a la recepci\u00f3 de butlletins amb informaci\u00f3 sobre ofertes haur\u00e0 de registrar-se en els formularis de la WEB, als efectes de la qual declara que tota la informaci\u00f3 subministrada a l&#8217;hora de registrar-se \u00e9s veritable, completa i precisa i que de conformitat amb la Llei org\u00e0nica 15\/1999 de Protecci\u00f3 de Dades de Car\u00e0cter Personal, la persona que es registra autoritza expressament a ESQUIA, S.A. perqu\u00e8 procedeixi a incloure en un fitxer automatitzat les dades de car\u00e0cter personal que figuren en els camps anteriors per resultar necessaris per a l&#8217;adequada prestaci\u00f3 dels seus serveis. S&#8217;indica que el Responsable del fitxer \u00e9s la societat mercantil ESQUIA, S.A. (Carretera de Bonaigua s\/n, Vaqu\u00e8ira Beret 25598, Espanya), a l&#8217;efecte de l&#8217;exercici dels drets d&#8217;acc\u00e9s, rectificaci\u00f3, cancel\u00b7laci\u00f3 i oposici\u00f3 prevists en l&#8217;esmentada Llei. Aix\u00ed mateix s&#8217;autoritza expressament la comunicaci\u00f3 d&#8217;aquestes dades a tercers quan resulti necessari per a l&#8217;adequada prestaci\u00f3 dels serveis que es contractin.<br><br>No s&#8217;utilitzaran \u00abcookies\u00bb excepte en els casos en qu\u00e8 sigui necessari per a millorar la usabilitat o navegaci\u00f3 per la WEB i, en qualsevol cas, es garanteix que no s&#8217;utilitzaran aquests mecanismes o similars per a recaptar informaci\u00f3 confidencial dels usuaris.<br> <\/li><li>ESQUIA, S.A. disposa dels permisos i llic\u00e8ncies necessaris per a les activitats pr\u00f2pies d&#8217;un Hotel.<br> <\/li><li>Totes les comunicacions produ\u00efdes per via electr\u00f2nica entre l&#8217;usuari i ESQUIA, S.A. aix\u00ed com els contractes dels prove\u00efdors de serveis tur\u00edstics amb les seves condicions generals quedaran emmagatzemades en suports inform\u00e0tics duradors i accessibles per a la seva posterior consulta.<br> <\/li><li>L&#8217;usuari accepta que la legislaci\u00f3 aplicable al funcionament d&#8217;aquest servei domini \u00e9s l&#8217;espanyola i se sotmet a la jurisdicci\u00f3 dels Jutjats i Tribunals de Barcelona per a la resoluci\u00f3 de les diverg\u00e8ncies que es derivin de la interpretaci\u00f3 o aplicaci\u00f3 d&#8217;aquest clausulat. ESQUIA, S.A. es reserva el dret a fer els canvis que consideri oportuns en la WEB de ESQUIA, S.A. de forma destacada en qualsevol moment i sense previ av\u00eds.<br> <\/li><li>Els links o enlla\u00e7os amb altres p\u00e0gines WEB que apareguin en les p\u00e0gines de la WEB se situen a efectes merament informatius a l&#8217;usuari, per la qual cosa ESQUIA, S.A. no es responsabilitza sobre els productes, serveis o continguts que s&#8217;ofereixin o subministrin en les p\u00e0gines de dest\u00ed.<br> <\/li><li>La inscripci\u00f3 de l&#8217;usuari com a client registrat de ESQUIA, S.A. implica el coneixement i acceptaci\u00f3 expressa de les presents condicions generals. La contractaci\u00f3 d&#8217;un servei tur\u00edstic concret ofert pels prove\u00efdors de serveis o viatges, implica l&#8217;acceptaci\u00f3 expl\u00edcita de les condicions generals de contractaci\u00f3 del prove\u00efdor del qual es tracti.<br> <\/li><li>L&#8217;usuari \u00e9s responsable de facilitar les seves dades correctes, especialment l&#8217;adre\u00e7a de lliurament de les comandes i els noms dels passatgers que han de coincidir exactament amb els que apareixen en el seu DNI o Passaport. ESQUIA, S.A. no es fa responsable dels problemes o despeses generades per errors d&#8217;aquesta \u00edndole.<\/li><\/ol>\t            <\/div>        <\/div>\t\t\t\t<\/div>\n\t\t\t\t<\/div>\n\t\t\t\t\t<\/div>\n\t\t\t\t<\/div>\n\t\t\t\t<\/div>\n\t\t","protected":false},"excerpt":{"rendered":"<p>Condicions Generals http:\/\/www.hoteltucblanc.com \u00e9s un domini d&#8217;Internet que d&#8217;ara endavant direm WEB, propietat de ESQUIA, S.A. La utilitzaci\u00f3 per l&#8217;usuari dels serveis continguts en la Web implica l&#8217;acceptaci\u00f3 expressa de les seg\u00fcents condicions generals dels dominis i l&#8217;acceptaci\u00f3 expl\u00edcita de les condicions generals que suposa un acord entre l&#8217;usuari i ESQUIA, S.A. Condicions generals entre &#8230;<\/p>\n","protected":false},"author":1,"featured_media":0,"parent":0,"menu_order":0,"comment_status":"closed","ping_status":"closed","template":"template-wide-content.php","meta":{"cozystay_single_page_hide_site_header":"","cozystay_single_page_site_header_source":"","cozystay_single_page_custom_site_header":"0","cozystay_single_page_custom_sticky_site_header":"0","cozystay_single_page_hide_page_title":"","cozystay_single_page_header_section_size":"","cozystay_single_page_header_background_color":"","cozystay_single_page_header_background_position_x":"center","cozystay_single_page_header_background_position_y":"center","cozystay_single_page_header_background_size":"cover","cozystay_single_page_header_background_repeat":"off","cozystay_single_page_header_background_scroll":"on","cozystay_single_page_header_text_color":"","cozystay_single_page_header_show_breadcrumb":"","cozystay_single_page_site_footer_hide_main":"","cozystay_single_custom_site_footer_main_source":"","cozystay_single_custom_site_footer_main":"0","cozystay_single_page_site_footer_hide_above":"","cozystay_single_custom_site_footer_above_source":"","cozystay_single_custom_site_footer_above":"0","cozystay_single_page_site_footer_hide_instagram":"","cozystay_single_page_site_footer_hide_bottom":"","cozystay_single_custom_mobile_menu_source":"","cozystay_single_custom_mobile_menu":"0","cozystay_single_custom_mobile_menu_animation":"","cozystay_single_custom_mobile_menu_width":"","cozystay_single_custom_mobile_menu_custom_width":375,"footnotes":""},"class_list":["post-5922","page","type-page","status-publish","hentry"],"yoast_head":"<!-- This site is optimized with the Yoast SEO plugin v27.0 - https:\/\/yoast.com\/product\/yoast-seo-wordpress\/ -->\n<title>Condicions Generals | Hotel Tuc Blanc Baqueira<\/title>\n<meta name=\"robots\" content=\"index, follow, max-snippet:-1, max-image-preview:large, max-video-preview:-1\" \/>\n<link rel=\"canonical\" href=\"https:\/\/www.hoteltucblancbaqueira.com\/ca\/condicions-generals\/\" \/>\n<meta property=\"og:locale\" content=\"ca_ES\" \/>\n<meta property=\"og:type\" content=\"article\" \/>\n<meta property=\"og:title\" content=\"Condicions Generals | Hotel Tuc Blanc Baqueira\" \/>\n<meta property=\"og:description\" content=\"Condicions Generals http:\/\/www.hoteltucblanc.com \u00e9s un domini d&#8217;Internet que d&#8217;ara endavant direm WEB, propietat de ESQUIA, S.A. La utilitzaci\u00f3 per l&#8217;usuari dels serveis continguts en la Web implica l&#8217;acceptaci\u00f3 expressa de les seg\u00fcents condicions generals dels dominis i l&#8217;acceptaci\u00f3 expl\u00edcita de les condicions generals que suposa un acord entre l&#8217;usuari i ESQUIA, S.A. Condicions generals entre ...\" \/>\n<meta property=\"og:url\" content=\"https:\/\/www.hoteltucblancbaqueira.com\/ca\/condicions-generals\/\" \/>\n<meta property=\"og:site_name\" content=\"Hotel Tuc Blanc Baqueira\" \/>\n<meta property=\"article:modified_time\" content=\"2025-07-22T07:03:04+00:00\" \/>\n<meta name=\"twitter:card\" content=\"summary_large_image\" \/>\n<meta name=\"twitter:label1\" content=\"Temps estimat de lectura\" \/>\n\t<meta name=\"twitter:data1\" content=\"3 minuts\" \/>\n<script type=\"application\/ld+json\" class=\"yoast-schema-graph\">{\"@context\":\"https:\/\/schema.org\",\"@graph\":[{\"@type\":\"WebPage\",\"@id\":\"https:\/\/www.hoteltucblancbaqueira.com\/ca\/condicions-generals\/\",\"url\":\"https:\/\/www.hoteltucblancbaqueira.com\/ca\/condicions-generals\/\",\"name\":\"Condicions Generals | Hotel Tuc Blanc Baqueira\",\"isPartOf\":{\"@id\":\"https:\/\/www.hoteltucblancbaqueira.com\/ca\/#website\"},\"datePublished\":\"2025-07-08T15:21:57+00:00\",\"dateModified\":\"2025-07-22T07:03:04+00:00\",\"breadcrumb\":{\"@id\":\"https:\/\/www.hoteltucblancbaqueira.com\/ca\/condicions-generals\/#breadcrumb\"},\"inLanguage\":\"ca\",\"potentialAction\":[{\"@type\":\"ReadAction\",\"target\":[\"https:\/\/www.hoteltucblancbaqueira.com\/ca\/condicions-generals\/\"]}]},{\"@type\":\"BreadcrumbList\",\"@id\":\"https:\/\/www.hoteltucblancbaqueira.com\/ca\/condicions-generals\/#breadcrumb\",\"itemListElement\":[{\"@type\":\"ListItem\",\"position\":1,\"name\":\"Portada\",\"item\":\"https:\/\/www.hoteltucblancbaqueira.com\/ca\/\"},{\"@type\":\"ListItem\",\"position\":2,\"name\":\"Condicions Generals\"}]},{\"@type\":\"WebSite\",\"@id\":\"https:\/\/www.hoteltucblancbaqueira.com\/ca\/#website\",\"url\":\"https:\/\/www.hoteltucblancbaqueira.com\/ca\/\",\"name\":\"Hotel Tuc Blanc Baqueira\",\"description\":\"Hotel en Baqueira a pie de pistas\",\"publisher\":{\"@id\":\"https:\/\/www.hoteltucblancbaqueira.com\/ca\/#organization\"},\"potentialAction\":[{\"@type\":\"SearchAction\",\"target\":{\"@type\":\"EntryPoint\",\"urlTemplate\":\"https:\/\/www.hoteltucblancbaqueira.com\/ca\/?s={search_term_string}\"},\"query-input\":{\"@type\":\"PropertyValueSpecification\",\"valueRequired\":true,\"valueName\":\"search_term_string\"}}],\"inLanguage\":\"ca\"},{\"@type\":\"Organization\",\"@id\":\"https:\/\/www.hoteltucblancbaqueira.com\/ca\/#organization\",\"name\":\"Hotel Tuc Blanc Baqueira\",\"url\":\"https:\/\/www.hoteltucblancbaqueira.com\/ca\/\",\"logo\":{\"@type\":\"ImageObject\",\"inLanguage\":\"ca\",\"@id\":\"https:\/\/www.hoteltucblancbaqueira.com\/ca\/#\/schema\/logo\/image\/\",\"url\":\"https:\/\/www.hoteltucblancbaqueira.com\/wp-content\/uploads\/2025\/05\/logo_header.svg\",\"contentUrl\":\"https:\/\/www.hoteltucblancbaqueira.com\/wp-content\/uploads\/2025\/05\/logo_header.svg\",\"width\":398,\"height\":101,\"caption\":\"Hotel Tuc Blanc Baqueira\"},\"image\":{\"@id\":\"https:\/\/www.hoteltucblancbaqueira.com\/ca\/#\/schema\/logo\/image\/\"}}]}<\/script>\n<!-- \/ Yoast SEO plugin. -->","yoast_head_json":{"title":"Condicions Generals | Hotel Tuc Blanc Baqueira","robots":{"index":"index","follow":"follow","max-snippet":"max-snippet:-1","max-image-preview":"max-image-preview:large","max-video-preview":"max-video-preview:-1"},"canonical":"https:\/\/www.hoteltucblancbaqueira.com\/ca\/condicions-generals\/","og_locale":"ca_ES","og_type":"article","og_title":"Condicions Generals | Hotel Tuc Blanc Baqueira","og_description":"Condicions Generals http:\/\/www.hoteltucblanc.com \u00e9s un domini d&#8217;Internet que d&#8217;ara endavant direm WEB, propietat de ESQUIA, S.A. La utilitzaci\u00f3 per l&#8217;usuari dels serveis continguts en la Web implica l&#8217;acceptaci\u00f3 expressa de les seg\u00fcents condicions generals dels dominis i l&#8217;acceptaci\u00f3 expl\u00edcita de les condicions generals que suposa un acord entre l&#8217;usuari i ESQUIA, S.A. Condicions generals entre ...","og_url":"https:\/\/www.hoteltucblancbaqueira.com\/ca\/condicions-generals\/","og_site_name":"Hotel Tuc Blanc Baqueira","article_modified_time":"2025-07-22T07:03:04+00:00","twitter_card":"summary_large_image","twitter_misc":{"Temps estimat de lectura":"3 minuts"},"schema":{"@context":"https:\/\/schema.org","@graph":[{"@type":"WebPage","@id":"https:\/\/www.hoteltucblancbaqueira.com\/ca\/condicions-generals\/","url":"https:\/\/www.hoteltucblancbaqueira.com\/ca\/condicions-generals\/","name":"Condicions Generals | Hotel Tuc Blanc Baqueira","isPartOf":{"@id":"https:\/\/www.hoteltucblancbaqueira.com\/ca\/#website"},"datePublished":"2025-07-08T15:21:57+00:00","dateModified":"2025-07-22T07:03:04+00:00","breadcrumb":{"@id":"https:\/\/www.hoteltucblancbaqueira.com\/ca\/condicions-generals\/#breadcrumb"},"inLanguage":"ca","potentialAction":[{"@type":"ReadAction","target":["https:\/\/www.hoteltucblancbaqueira.com\/ca\/condicions-generals\/"]}]},{"@type":"BreadcrumbList","@id":"https:\/\/www.hoteltucblancbaqueira.com\/ca\/condicions-generals\/#breadcrumb","itemListElement":[{"@type":"ListItem","position":1,"name":"Portada","item":"https:\/\/www.hoteltucblancbaqueira.com\/ca\/"},{"@type":"ListItem","position":2,"name":"Condicions Generals"}]},{"@type":"WebSite","@id":"https:\/\/www.hoteltucblancbaqueira.com\/ca\/#website","url":"https:\/\/www.hoteltucblancbaqueira.com\/ca\/","name":"Hotel Tuc Blanc Baqueira","description":"Hotel en Baqueira a pie de pistas","publisher":{"@id":"https:\/\/www.hoteltucblancbaqueira.com\/ca\/#organization"},"potentialAction":[{"@type":"SearchAction","target":{"@type":"EntryPoint","urlTemplate":"https:\/\/www.hoteltucblancbaqueira.com\/ca\/?s={search_term_string}"},"query-input":{"@type":"PropertyValueSpecification","valueRequired":true,"valueName":"search_term_string"}}],"inLanguage":"ca"},{"@type":"Organization","@id":"https:\/\/www.hoteltucblancbaqueira.com\/ca\/#organization","name":"Hotel Tuc Blanc Baqueira","url":"https:\/\/www.hoteltucblancbaqueira.com\/ca\/","logo":{"@type":"ImageObject","inLanguage":"ca","@id":"https:\/\/www.hoteltucblancbaqueira.com\/ca\/#\/schema\/logo\/image\/","url":"https:\/\/www.hoteltucblancbaqueira.com\/wp-content\/uploads\/2025\/05\/logo_header.svg","contentUrl":"https:\/\/www.hoteltucblancbaqueira.com\/wp-content\/uploads\/2025\/05\/logo_header.svg","width":398,"height":101,"caption":"Hotel Tuc Blanc Baqueira"},"image":{"@id":"https:\/\/www.hoteltucblancbaqueira.com\/ca\/#\/schema\/logo\/image\/"}}]}},"_links":{"self":[{"href":"https:\/\/www.hoteltucblancbaqueira.com\/ca\/wp-json\/wp\/v2\/pages\/5922","targetHints":{"allow":["GET"]}}],"collection":[{"href":"https:\/\/www.hoteltucblancbaqueira.com\/ca\/wp-json\/wp\/v2\/pages"}],"about":[{"href":"https:\/\/www.hoteltucblancbaqueira.com\/ca\/wp-json\/wp\/v2\/types\/page"}],"author":[{"embeddable":true,"href":"https:\/\/www.hoteltucblancbaqueira.com\/ca\/wp-json\/wp\/v2\/users\/1"}],"replies":[{"embeddable":true,"href":"https:\/\/www.hoteltucblancbaqueira.com\/ca\/wp-json\/wp\/v2\/comments?post=5922"}],"version-history":[{"count":0,"href":"https:\/\/www.hoteltucblancbaqueira.com\/ca\/wp-json\/wp\/v2\/pages\/5922\/revisions"}],"wp:attachment":[{"href":"https:\/\/www.hoteltucblancbaqueira.com\/ca\/wp-json\/wp\/v2\/media?parent=5922"}],"curies":[{"name":"wp","href":"https:\/\/api.w.org\/{rel}","templated":true}]}}