{"id":5934,"date":"2025-07-08T17:13:21","date_gmt":"2025-07-08T15:13:21","guid":{"rendered":"https:\/\/www.hoteltucblancbaqueira.com\/politica-de-privacitat\/"},"modified":"2025-07-22T09:39:36","modified_gmt":"2025-07-22T07:39:36","slug":"politica-de-privacitat","status":"publish","type":"page","link":"https:\/\/www.hoteltucblancbaqueira.com\/ca\/politica-de-privacitat\/","title":{"rendered":"Pol\u00edtica de privacitat"},"content":{"rendered":"\t\t<div data-elementor-type=\"wp-page\" data-elementor-id=\"5934\" class=\"elementor elementor-5934 elementor-4749\" data-elementor-post-type=\"page\">\n\t\t\t\t<div class=\"elementor-element elementor-element-693e65f e-con-full e-flex e-con e-parent\" data-id=\"693e65f\" data-element_type=\"container\" data-e-type=\"container\">\n\t\t\t\t<\/div>\n\t\t<div class=\"elementor-element elementor-element-a306702 e-flex e-con-boxed e-con e-parent\" data-id=\"a306702\" data-element_type=\"container\" data-e-type=\"container\">\n\t\t\t\t\t<div class=\"e-con-inner\">\n\t\t\t\t<div class=\"elementor-element elementor-element-cd68ad3 elementor-widget elementor-widget-cs_title\" data-id=\"cd68ad3\" data-element_type=\"widget\" data-e-type=\"widget\" data-widget_type=\"cs_title.default\">\n\t\t\t\t<div class=\"elementor-widget-container\">\n\t\t\t\t\t\n        <div class=\"cs-title-wrap text-left\">\t            <h4 class=\"cs-title\">\n\t                Pol\u00edtica de privacitat\t            <\/h4>\t            <div class=\"cs-title-text\">\n\t                <p>De conformitat amb el <strong>Reglament (UE) 2016\/679, de 27 d&#8217;abril de 2016, relatiu a la protecci\u00f3 de les persones f\u00edsiques pel que fa al tractament de dades personals i a la lliure circulaci\u00f3 d&#8217;aquestes dades<\/strong> i la normativa de Protecci\u00f3 de Dades que correspongui, HOTEL TUC BLANC (ESQUIA, S.A.) informa els Usuaris:<\/p><table><tbody><tr><th colspan=\"2\"><h2>Informaci\u00f3 b\u00e0sica sobre Protecci\u00f3 de Dades<\/h2><\/th><\/tr><tr><th>Responsable<\/th><th>HOTEL TUC BLANC (ESQUIA, S.A.)<br>A43028786<br>Ctra. Bonaigua s\/n 25598 Baqueira (Lleida) <\/th><\/tr><tr><th>Finalitat<\/th><td><ul><li>Gestionar les dades als quals l&#8217;empresa accedeix a conseq\u00fc\u00e8ncia de la navegaci\u00f3 i\/o consulta<\/li><li>Gestionar la seva sol\u00b7licitud de pressupost o qualsevol altra petici\u00f3<\/li><li>Gestionar la seva reserva a l&#8217;Hotel i, en aquest cas, proporcionar-li un descompte en la seva pr\u00f2xima reserva<\/li><li>Enviar-li comunicacions comercials i publicit\u00e0ries relacionades amb l&#8217;entitat, nom\u00e9s en cas d&#8217;acceptaci\u00f3<\/li><\/ul><\/td><\/tr><tr><th>Legitimaci\u00f3<\/th><td><p> <\/p><p>Consentiment de l&#8217;interessat.<\/p><p> <\/p><\/td><\/tr><tr><th>Destinataris<\/th><td><p> <\/p><p>Les dades seran cedides a l&#8217;Hotel Bernat II (VALOM, S.L.), Hotel C\u00e9sar Augustus (COLVA 2001, S.L.) i Hotel Augustus (CENTUR, S.L.) i per obligaci\u00f3 legal o autoritzaci\u00f3 expressa.<\/p><p> <\/p><\/td><\/tr><tr><th>Drets<\/th><td><p> <\/p><p>Accedir, rectificar, oposar-se i suprimir les dades, aix\u00ed com els altres drets, com s\u00f3n la limitaci\u00f3 del tractament i el dret a la portabilitat de les dades, tal com determina la normativa vigent en protecci\u00f3 de dades, dirigint-se per escrit, acompanyant fotoc\u00f2pia de DNI, al domicili de l&#8217;entitat.<br>El consentiment pot ser revocat en qualsevol moment.<br>Aix\u00ed mateix, l&#8217;interessat tamb\u00e9 tindr\u00e0 dret a presentar una reclamaci\u00f3 front l&#8217;Ag\u00e8ncia Espanyola de Protecci\u00f3 de Dades en cas d&#8217;incompliment per part de l&#8217;empresa.<\/p><p> <\/p><\/td><\/tr><tr><th>Conservaci\u00f3<\/th><td><p> <\/p><p>Les dades seran conservades durant el temps necessari per a donar compliment a les finalitats per les quals han estat recollits.<\/p><p> <\/p><\/td><\/tr><\/tbody><\/table><p> <\/p><p>Abans de l&#8217;enviament de qualsevol sol\u00b7licitud d&#8217;informaci\u00f3 a trav\u00e9s dels formularis de contacte d&#8217;aquesta p\u00e0gina web, l&#8217;usuari ha d&#8217;acceptar la pol\u00edtica de privacitat d&#8217;aquesta, <u>amb la finalitat de prestar el consentiment expr\u00e9s i informat pel tractament de les dades amb les finalitats indicades.<\/u><\/p><p> <\/p><h2>\u00c9s obligatori proporcionar tota la informaci\u00f3 sol\u00b7licitada en l&#8217;apartat de contacte?<\/h2><p>En relaci\u00f3 als formularis de la p\u00e0gina web, l&#8217;Usuari ha de completar els marcats com a \u201cobligatoris\u201d. No completar les dades personals requerides o fer-ho parcialment pot suposar que HOTEL TUC BLANC (ESQUIA, S.A.) no pugui atendre les seves sol\u00b7licituds i, en conseq\u00fc\u00e8ncia, HOTEL TUC BLANC (ESQUIA, S.A.) quedar\u00e0 exonerada de tota responsabilitat per la no prestaci\u00f3 o la prestaci\u00f3 incompleta dels serveis sol\u00b7licitats. <\/p><p>Les dades personals que l&#8217;Usuari facilita a HOTEL TUC BLANC (ESQUIA, S.A.) han de ser actuals perqu\u00e8 la informaci\u00f3 dels registres estigui actualitza i sense errors. L&#8217;Usuari respondr\u00e0 de la veracitat de les dades facilitades. <\/p><h2>Quines mesures de seguretat t\u00e9 implantada l&#8217;empresa?<\/h2><p>HOTEL TUC BLANC (ESQUIA, S.A.) informa que t\u00e9 implantades les mesures de seguretat d&#8217;\u00edndole t\u00e8cnica i organitzatives necess\u00e0ries que garanteixin la seguretat de les dades de car\u00e0cter personal de l&#8217;Usuari i evitin la seva alteraci\u00f3, p\u00e8rdua, tractament i\/o acc\u00e9s no autoritzat d&#8217;acord amb l&#8217;estat de la tecnologia, la naturalesa de les dades emmagatzemades i els riscos als quals estan exposats, ja provinguin de l&#8217;acci\u00f3 humana o del medi f\u00edsic o natural, de conformitat amb el qual preveu la normativa vigent.<\/p>\t            <\/div>        <\/div>\t\t\t\t<\/div>\n\t\t\t\t<\/div>\n\t\t\t\t\t<\/div>\n\t\t\t\t<\/div>\n\t\t\t\t<\/div>\n\t\t","protected":false},"excerpt":{"rendered":"<p>Pol\u00edtica de privacitat De conformitat amb el Reglament (UE) 2016\/679, de 27 d&#8217;abril de 2016, relatiu a la protecci\u00f3 de les persones f\u00edsiques pel que fa al tractament de dades personals i a la lliure circulaci\u00f3 d&#8217;aquestes dades i la normativa de Protecci\u00f3 de Dades que correspongui, HOTEL TUC BLANC (ESQUIA, S.A.) informa els Usuaris: &#8230;<\/p>\n","protected":false},"author":1,"featured_media":0,"parent":0,"menu_order":0,"comment_status":"closed","ping_status":"closed","template":"template-wide-content.php","meta":{"cozystay_single_page_hide_site_header":"","cozystay_single_page_site_header_source":"","cozystay_single_page_custom_site_header":"0","cozystay_single_page_custom_sticky_site_header":"0","cozystay_single_page_hide_page_title":"","cozystay_single_page_header_section_size":"","cozystay_single_page_header_background_color":"","cozystay_single_page_header_background_position_x":"center","cozystay_single_page_header_background_position_y":"center","cozystay_single_page_header_background_size":"cover","cozystay_single_page_header_background_repeat":"off","cozystay_single_page_header_background_scroll":"on","cozystay_single_page_header_text_color":"","cozystay_single_page_header_show_breadcrumb":"","cozystay_single_page_site_footer_hide_main":"","cozystay_single_custom_site_footer_main_source":"","cozystay_single_custom_site_footer_main":"0","cozystay_single_page_site_footer_hide_above":"","cozystay_single_custom_site_footer_above_source":"","cozystay_single_custom_site_footer_above":"0","cozystay_single_page_site_footer_hide_instagram":"","cozystay_single_page_site_footer_hide_bottom":"","cozystay_single_custom_mobile_menu_source":"","cozystay_single_custom_mobile_menu":"0","cozystay_single_custom_mobile_menu_animation":"","cozystay_single_custom_mobile_menu_width":"","cozystay_single_custom_mobile_menu_custom_width":375,"footnotes":""},"class_list":["post-5934","page","type-page","status-publish","hentry"],"yoast_head":"<!-- This site is optimized with the Yoast SEO plugin v27.4 - https:\/\/yoast.com\/product\/yoast-seo-wordpress\/ -->\n<title>Pol\u00edtica de privacitat | Hotel Tuc Blanc Baqueira<\/title>\n<meta name=\"robots\" content=\"index, follow, max-snippet:-1, max-image-preview:large, max-video-preview:-1\" \/>\n<link rel=\"canonical\" href=\"https:\/\/www.hoteltucblancbaqueira.com\/ca\/politica-de-privacitat\/\" \/>\n<meta property=\"og:locale\" content=\"ca_ES\" \/>\n<meta property=\"og:type\" content=\"article\" \/>\n<meta property=\"og:title\" content=\"Pol\u00edtica de privacitat | Hotel Tuc Blanc Baqueira\" \/>\n<meta property=\"og:description\" content=\"Pol\u00edtica de privacitat De conformitat amb el Reglament (UE) 2016\/679, de 27 d&#8217;abril de 2016, relatiu a la protecci\u00f3 de les persones f\u00edsiques pel que fa al tractament de dades personals i a la lliure circulaci\u00f3 d&#8217;aquestes dades i la normativa de Protecci\u00f3 de Dades que correspongui, HOTEL TUC BLANC (ESQUIA, S.A.) informa els Usuaris: ...\" \/>\n<meta property=\"og:url\" content=\"https:\/\/www.hoteltucblancbaqueira.com\/ca\/politica-de-privacitat\/\" \/>\n<meta property=\"og:site_name\" content=\"Hotel Tuc Blanc Baqueira\" \/>\n<meta property=\"article:modified_time\" content=\"2025-07-22T07:39:36+00:00\" \/>\n<meta name=\"twitter:card\" content=\"summary_large_image\" \/>\n<meta name=\"twitter:label1\" content=\"Temps estimat de lectura\" \/>\n\t<meta name=\"twitter:data1\" content=\"3 minuts\" \/>\n<script type=\"application\/ld+json\" class=\"yoast-schema-graph\">{\"@context\":\"https:\\\/\\\/schema.org\",\"@graph\":[{\"@type\":\"WebPage\",\"@id\":\"https:\\\/\\\/www.hoteltucblancbaqueira.com\\\/ca\\\/politica-de-privacitat\\\/\",\"url\":\"https:\\\/\\\/www.hoteltucblancbaqueira.com\\\/ca\\\/politica-de-privacitat\\\/\",\"name\":\"Pol\u00edtica de privacitat | Hotel Tuc Blanc Baqueira\",\"isPartOf\":{\"@id\":\"https:\\\/\\\/www.hoteltucblancbaqueira.com\\\/ca\\\/#website\"},\"datePublished\":\"2025-07-08T15:13:21+00:00\",\"dateModified\":\"2025-07-22T07:39:36+00:00\",\"breadcrumb\":{\"@id\":\"https:\\\/\\\/www.hoteltucblancbaqueira.com\\\/ca\\\/politica-de-privacitat\\\/#breadcrumb\"},\"inLanguage\":\"ca\",\"potentialAction\":[{\"@type\":\"ReadAction\",\"target\":[\"https:\\\/\\\/www.hoteltucblancbaqueira.com\\\/ca\\\/politica-de-privacitat\\\/\"]}]},{\"@type\":\"BreadcrumbList\",\"@id\":\"https:\\\/\\\/www.hoteltucblancbaqueira.com\\\/ca\\\/politica-de-privacitat\\\/#breadcrumb\",\"itemListElement\":[{\"@type\":\"ListItem\",\"position\":1,\"name\":\"Portada\",\"item\":\"https:\\\/\\\/www.hoteltucblancbaqueira.com\\\/ca\\\/home\\\/\"},{\"@type\":\"ListItem\",\"position\":2,\"name\":\"Pol\u00edtica de privacitat\"}]},{\"@type\":\"WebSite\",\"@id\":\"https:\\\/\\\/www.hoteltucblancbaqueira.com\\\/ca\\\/#website\",\"url\":\"https:\\\/\\\/www.hoteltucblancbaqueira.com\\\/ca\\\/\",\"name\":\"Hotel Tuc Blanc Baqueira\",\"description\":\"Hotel en Baqueira a pie de pistas\",\"publisher\":{\"@id\":\"https:\\\/\\\/www.hoteltucblancbaqueira.com\\\/ca\\\/#organization\"},\"potentialAction\":[{\"@type\":\"SearchAction\",\"target\":{\"@type\":\"EntryPoint\",\"urlTemplate\":\"https:\\\/\\\/www.hoteltucblancbaqueira.com\\\/ca\\\/?s={search_term_string}\"},\"query-input\":{\"@type\":\"PropertyValueSpecification\",\"valueRequired\":true,\"valueName\":\"search_term_string\"}}],\"inLanguage\":\"ca\"},{\"@type\":\"Organization\",\"@id\":\"https:\\\/\\\/www.hoteltucblancbaqueira.com\\\/ca\\\/#organization\",\"name\":\"Hotel Tuc Blanc Baqueira\",\"url\":\"https:\\\/\\\/www.hoteltucblancbaqueira.com\\\/ca\\\/\",\"logo\":{\"@type\":\"ImageObject\",\"inLanguage\":\"ca\",\"@id\":\"https:\\\/\\\/www.hoteltucblancbaqueira.com\\\/ca\\\/#\\\/schema\\\/logo\\\/image\\\/\",\"url\":\"https:\\\/\\\/www.hoteltucblancbaqueira.com\\\/wp-content\\\/uploads\\\/2025\\\/05\\\/logo_header.svg\",\"contentUrl\":\"https:\\\/\\\/www.hoteltucblancbaqueira.com\\\/wp-content\\\/uploads\\\/2025\\\/05\\\/logo_header.svg\",\"width\":398,\"height\":101,\"caption\":\"Hotel Tuc Blanc Baqueira\"},\"image\":{\"@id\":\"https:\\\/\\\/www.hoteltucblancbaqueira.com\\\/ca\\\/#\\\/schema\\\/logo\\\/image\\\/\"}}]}<\/script>\n<!-- \/ Yoast SEO plugin. -->","yoast_head_json":{"title":"Pol\u00edtica de privacitat | Hotel Tuc Blanc Baqueira","robots":{"index":"index","follow":"follow","max-snippet":"max-snippet:-1","max-image-preview":"max-image-preview:large","max-video-preview":"max-video-preview:-1"},"canonical":"https:\/\/www.hoteltucblancbaqueira.com\/ca\/politica-de-privacitat\/","og_locale":"ca_ES","og_type":"article","og_title":"Pol\u00edtica de privacitat | Hotel Tuc Blanc Baqueira","og_description":"Pol\u00edtica de privacitat De conformitat amb el Reglament (UE) 2016\/679, de 27 d&#8217;abril de 2016, relatiu a la protecci\u00f3 de les persones f\u00edsiques pel que fa al tractament de dades personals i a la lliure circulaci\u00f3 d&#8217;aquestes dades i la normativa de Protecci\u00f3 de Dades que correspongui, HOTEL TUC BLANC (ESQUIA, S.A.) informa els Usuaris: ...","og_url":"https:\/\/www.hoteltucblancbaqueira.com\/ca\/politica-de-privacitat\/","og_site_name":"Hotel Tuc Blanc Baqueira","article_modified_time":"2025-07-22T07:39:36+00:00","twitter_card":"summary_large_image","twitter_misc":{"Temps estimat de lectura":"3 minuts"},"schema":{"@context":"https:\/\/schema.org","@graph":[{"@type":"WebPage","@id":"https:\/\/www.hoteltucblancbaqueira.com\/ca\/politica-de-privacitat\/","url":"https:\/\/www.hoteltucblancbaqueira.com\/ca\/politica-de-privacitat\/","name":"Pol\u00edtica de privacitat | Hotel Tuc Blanc Baqueira","isPartOf":{"@id":"https:\/\/www.hoteltucblancbaqueira.com\/ca\/#website"},"datePublished":"2025-07-08T15:13:21+00:00","dateModified":"2025-07-22T07:39:36+00:00","breadcrumb":{"@id":"https:\/\/www.hoteltucblancbaqueira.com\/ca\/politica-de-privacitat\/#breadcrumb"},"inLanguage":"ca","potentialAction":[{"@type":"ReadAction","target":["https:\/\/www.hoteltucblancbaqueira.com\/ca\/politica-de-privacitat\/"]}]},{"@type":"BreadcrumbList","@id":"https:\/\/www.hoteltucblancbaqueira.com\/ca\/politica-de-privacitat\/#breadcrumb","itemListElement":[{"@type":"ListItem","position":1,"name":"Portada","item":"https:\/\/www.hoteltucblancbaqueira.com\/ca\/home\/"},{"@type":"ListItem","position":2,"name":"Pol\u00edtica de privacitat"}]},{"@type":"WebSite","@id":"https:\/\/www.hoteltucblancbaqueira.com\/ca\/#website","url":"https:\/\/www.hoteltucblancbaqueira.com\/ca\/","name":"Hotel Tuc Blanc Baqueira","description":"Hotel en Baqueira a pie de pistas","publisher":{"@id":"https:\/\/www.hoteltucblancbaqueira.com\/ca\/#organization"},"potentialAction":[{"@type":"SearchAction","target":{"@type":"EntryPoint","urlTemplate":"https:\/\/www.hoteltucblancbaqueira.com\/ca\/?s={search_term_string}"},"query-input":{"@type":"PropertyValueSpecification","valueRequired":true,"valueName":"search_term_string"}}],"inLanguage":"ca"},{"@type":"Organization","@id":"https:\/\/www.hoteltucblancbaqueira.com\/ca\/#organization","name":"Hotel Tuc Blanc Baqueira","url":"https:\/\/www.hoteltucblancbaqueira.com\/ca\/","logo":{"@type":"ImageObject","inLanguage":"ca","@id":"https:\/\/www.hoteltucblancbaqueira.com\/ca\/#\/schema\/logo\/image\/","url":"https:\/\/www.hoteltucblancbaqueira.com\/wp-content\/uploads\/2025\/05\/logo_header.svg","contentUrl":"https:\/\/www.hoteltucblancbaqueira.com\/wp-content\/uploads\/2025\/05\/logo_header.svg","width":398,"height":101,"caption":"Hotel Tuc Blanc Baqueira"},"image":{"@id":"https:\/\/www.hoteltucblancbaqueira.com\/ca\/#\/schema\/logo\/image\/"}}]}},"_links":{"self":[{"href":"https:\/\/www.hoteltucblancbaqueira.com\/ca\/wp-json\/wp\/v2\/pages\/5934","targetHints":{"allow":["GET"]}}],"collection":[{"href":"https:\/\/www.hoteltucblancbaqueira.com\/ca\/wp-json\/wp\/v2\/pages"}],"about":[{"href":"https:\/\/www.hoteltucblancbaqueira.com\/ca\/wp-json\/wp\/v2\/types\/page"}],"author":[{"embeddable":true,"href":"https:\/\/www.hoteltucblancbaqueira.com\/ca\/wp-json\/wp\/v2\/users\/1"}],"replies":[{"embeddable":true,"href":"https:\/\/www.hoteltucblancbaqueira.com\/ca\/wp-json\/wp\/v2\/comments?post=5934"}],"version-history":[{"count":0,"href":"https:\/\/www.hoteltucblancbaqueira.com\/ca\/wp-json\/wp\/v2\/pages\/5934\/revisions"}],"wp:attachment":[{"href":"https:\/\/www.hoteltucblancbaqueira.com\/ca\/wp-json\/wp\/v2\/media?parent=5934"}],"curies":[{"name":"wp","href":"https:\/\/api.w.org\/{rel}","templated":true}]}}