{"id":5926,"date":"2025-07-08T17:21:57","date_gmt":"2025-07-08T15:21:57","guid":{"rendered":"https:\/\/www.hoteltucblancbaqueira.com\/conditions-generales-dutilisation\/"},"modified":"2025-07-22T09:07:52","modified_gmt":"2025-07-22T07:07:52","slug":"conditions-generales-dutilisation","status":"publish","type":"page","link":"https:\/\/www.hoteltucblancbaqueira.com\/fr\/conditions-generales-dutilisation\/","title":{"rendered":"Conditions g\u00e9n\u00e9rales d&rsquo;utilisation"},"content":{"rendered":"\t\t<div data-elementor-type=\"wp-page\" data-elementor-id=\"5926\" class=\"elementor elementor-5926 elementor-4768\" data-elementor-post-type=\"page\">\n\t\t\t\t<div class=\"elementor-element elementor-element-693e65f e-con-full e-flex e-con e-parent\" data-id=\"693e65f\" data-element_type=\"container\" data-e-type=\"container\">\n\t\t\t\t<\/div>\n\t\t<div class=\"elementor-element elementor-element-a306702 e-flex e-con-boxed e-con e-parent\" data-id=\"a306702\" data-element_type=\"container\" data-e-type=\"container\">\n\t\t\t\t\t<div class=\"e-con-inner\">\n\t\t\t\t<div class=\"elementor-element elementor-element-cd68ad3 elementor-widget elementor-widget-cs_title\" data-id=\"cd68ad3\" data-element_type=\"widget\" data-e-type=\"widget\" data-widget_type=\"cs_title.default\">\n\t\t\t\t<div class=\"elementor-widget-container\">\n\t\t\t\t\t\n        <div class=\"cs-title-wrap text-left\">\t            <h4 class=\"cs-title\">\n\t                Conditions g\u00e9n\u00e9rales d'utilisation\t            <\/h4>\t            <div class=\"cs-title-text\">\n\t                <p><a href=\"http:\/\/www.hoteltucblanc.com\/\">http:\/\/www.hoteltucblanc.com<\/a> st un domaine Internet, ci-apr\u00e8s d\u00e9nomm\u00e9 WEB, propri\u00e9t\u00e9 d&rsquo;ESQUIA, S.A.<\/p><p>L&rsquo;utilisation par l&rsquo;utilisateur des services contenus dans le site Web implique l&rsquo;acceptation expresse des conditions g\u00e9n\u00e9rales suivantes des domaines et l&rsquo;acceptation explicite des conditions g\u00e9n\u00e9rales qui impliquent un accord entre l&rsquo;utilisateur et ESQUIA, S.A.<\/p><p>Conditions g\u00e9n\u00e9rales entre ESQUIA, S.A. et l&rsquo;utilisateur:<\/p><ol><li>L&rsquo;utilisateur d\u00e9clare \u00eatre majeur (plus de 18 ans) et avoir la capacit\u00e9 juridique n\u00e9cessaire pour contracter les services touristiques offerts sur le SITE, et d\u00e9clare \u00e9galement \u00eatre li\u00e9 par cet accord et comprendre et accepter pleinement les conditions \u00e9nonc\u00e9es ici pour l&rsquo;utilisation de ce site Web.<br> <\/li><li>L&rsquo;utilisateur, pour b\u00e9n\u00e9ficier des diff\u00e9rents services offerts par ESQUIA, S.A., sur le SITE WEB, ainsi que pour recevoir des bulletins d&rsquo;information sur les offres, doit s&rsquo;inscrire sur les formulaires du SITE WEB, offerts sur le SITE, ainsi que pour recevoir des bulletins d&rsquo;information sur les offres, doit s&rsquo;inscrire sur les formulaires du SITE, et d\u00e9clare \u00e0 cet effet que toutes les informations fournies au moment de l&rsquo;inscription sont vraies, compl\u00e8tes et exactes et que, conform\u00e9ment \u00e0 la loi organique 15\/1999 sur la protection des donn\u00e9es \u00e0 caract\u00e8re personnel, la personne qui s&rsquo;inscrit autorise express\u00e9ment ESQUIA, S.A. \u00e0 inclure les donn\u00e9es \u00e0 caract\u00e8re personnel contenues dans les champs susmentionn\u00e9s dans un fichier automatis\u00e9, dans la mesure o\u00f9 elles sont n\u00e9cessaires \u00e0 la bonne prestation de ses services. Il est pr\u00e9cis\u00e9 que le responsable du fichier est la soci\u00e9t\u00e9 commerciale ESQUIA, S.A. (Carretera de Bonaigua s\/n, Baqueira Beret 25598, Espagne), aux fins de l&rsquo;exercice des droits d&rsquo;acc\u00e8s, de rectification, d&rsquo;annulation et d&rsquo;opposition pr\u00e9vus dans la loi susmentionn\u00e9e. De m\u00eame, la communication de ces donn\u00e9es \u00e0 des tiers est express\u00e9ment autoris\u00e9e lorsqu&rsquo;elle est n\u00e9cessaire \u00e0 la bonne prestation des services contract\u00e9s.  <br><br>Les cookies ne seront pas utilis\u00e9s, sauf dans les cas o\u00f9 ils sont n\u00e9cessaires pour am\u00e9liorer la convivialit\u00e9 ou la navigation sur le site Web et, dans tous les cas, il est garanti que ces m\u00e9canismes ou d&rsquo;autres m\u00e9canismes similaires ne seront pas utilis\u00e9s pour recueillir des informations confidentielles aupr\u00e8s des utilisateurs.<br> <\/li><li>ESQUIA, S.A. poss\u00e8de les permis et licences n\u00e9cessaires aux activit\u00e9s d&rsquo;un h\u00f4tel.<br> <\/li><li>Toutes les communications \u00e9lectroniques entre l&rsquo;utilisateur et ESQUIA, S.A., ainsi que les contrats des prestataires de services touristiques et leurs conditions g\u00e9n\u00e9rales, seront stock\u00e9s sur des supports informatiques durables et accessibles pour une consultation ult\u00e9rieure.<br> <\/li><li>L&rsquo;utilisateur accepte que la l\u00e9gislation applicable au fonctionnement de ce service de domaine soit espagnole et se soumet \u00e0 la juridiction des Cours et Tribunaux de Barcelone pour la r\u00e9solution de tout diff\u00e9rend d\u00e9coulant de l&rsquo;interpr\u00e9tation ou de l&rsquo;application de ces clauses. ESQUIA, S.A. se r\u00e9serve le droit d&rsquo;apporter les modifications qu&rsquo;elle juge opportunes au SITE WEB d&rsquo;ESQUIA, S.A., \u00e0 tout moment et sans pr\u00e9avis. <br> <\/li><li>Les liens vers d&rsquo;autres sites Web qui apparaissent sur les pages du SITE ont pour seul but d&rsquo;informer l&rsquo;utilisateur et ESQUIA, S.A. n&rsquo;assume aucune responsabilit\u00e9 quant aux produits, services ou contenus offerts ou fournis sur les pages de destination.<br> <\/li><li>L&rsquo;inscription de l&rsquo;utilisateur en tant que client enregistr\u00e9 d&rsquo;ESQUIA, S.A. implique la connaissance et l&rsquo;acceptation expresse de ces conditions g\u00e9n\u00e9rales. La souscription d&rsquo;un service touristique sp\u00e9cifique offert par les prestataires de services ou de voyages implique l&rsquo;acceptation explicite des conditions g\u00e9n\u00e9rales de souscription du prestataire en question. <br> <\/li><li>L&rsquo;utilisateur est tenu de fournir des donn\u00e9es correctes, en particulier l&rsquo;adresse de livraison des commandes et les noms des passagers, qui doivent co\u00efncider exactement avec ceux qui figurent sur leur carte d&rsquo;identit\u00e9 ou leur passeport. ESQUIA, S.A. d\u00e9cline toute responsabilit\u00e9 en cas de probl\u00e8mes ou de frais g\u00e9n\u00e9r\u00e9s par des erreurs de cette nature. <\/li><\/ol>\t            <\/div>        <\/div>\t\t\t\t<\/div>\n\t\t\t\t<\/div>\n\t\t\t\t\t<\/div>\n\t\t\t\t<\/div>\n\t\t\t\t<\/div>\n\t\t","protected":false},"excerpt":{"rendered":"<p>Conditions g\u00e9n\u00e9rales d&rsquo;utilisation http:\/\/www.hoteltucblanc.com st un domaine Internet, ci-apr\u00e8s d\u00e9nomm\u00e9 WEB, propri\u00e9t\u00e9 d&rsquo;ESQUIA, S.A. L&rsquo;utilisation par l&rsquo;utilisateur des services contenus dans le site Web implique l&rsquo;acceptation expresse des conditions g\u00e9n\u00e9rales suivantes des domaines et l&rsquo;acceptation explicite des conditions g\u00e9n\u00e9rales qui impliquent un accord entre l&rsquo;utilisateur et ESQUIA, S.A. Conditions g\u00e9n\u00e9rales entre ESQUIA, S.A. et l&rsquo;utilisateur: &#8230;<\/p>\n","protected":false},"author":1,"featured_media":0,"parent":0,"menu_order":0,"comment_status":"closed","ping_status":"closed","template":"template-wide-content.php","meta":{"cozystay_single_page_hide_site_header":"","cozystay_single_page_site_header_source":"","cozystay_single_page_custom_site_header":"0","cozystay_single_page_custom_sticky_site_header":"0","cozystay_single_page_hide_page_title":"","cozystay_single_page_header_section_size":"","cozystay_single_page_header_background_color":"","cozystay_single_page_header_background_position_x":"center","cozystay_single_page_header_background_position_y":"center","cozystay_single_page_header_background_size":"cover","cozystay_single_page_header_background_repeat":"off","cozystay_single_page_header_background_scroll":"on","cozystay_single_page_header_text_color":"","cozystay_single_page_header_show_breadcrumb":"","cozystay_single_page_site_footer_hide_main":"","cozystay_single_custom_site_footer_main_source":"","cozystay_single_custom_site_footer_main":"0","cozystay_single_page_site_footer_hide_above":"","cozystay_single_custom_site_footer_above_source":"","cozystay_single_custom_site_footer_above":"0","cozystay_single_page_site_footer_hide_instagram":"","cozystay_single_page_site_footer_hide_bottom":"","cozystay_single_custom_mobile_menu_source":"","cozystay_single_custom_mobile_menu":"0","cozystay_single_custom_mobile_menu_animation":"","cozystay_single_custom_mobile_menu_width":"","cozystay_single_custom_mobile_menu_custom_width":375,"footnotes":""},"class_list":["post-5926","page","type-page","status-publish","hentry"],"yoast_head":"<!-- This site is optimized with the Yoast SEO plugin v27.4 - https:\/\/yoast.com\/product\/yoast-seo-wordpress\/ -->\n<title>Conditions g\u00e9n\u00e9rales d&#039;utilisation | Hotel Tuc Blanc Baqueira<\/title>\n<meta name=\"robots\" content=\"index, follow, max-snippet:-1, max-image-preview:large, max-video-preview:-1\" \/>\n<link rel=\"canonical\" href=\"https:\/\/www.hoteltucblancbaqueira.com\/fr\/conditions-generales-dutilisation\/\" \/>\n<meta property=\"og:locale\" content=\"fr_FR\" \/>\n<meta property=\"og:type\" content=\"article\" \/>\n<meta property=\"og:title\" content=\"Conditions g\u00e9n\u00e9rales d&#039;utilisation | Hotel Tuc Blanc Baqueira\" \/>\n<meta property=\"og:description\" content=\"Conditions g\u00e9n\u00e9rales d&rsquo;utilisation http:\/\/www.hoteltucblanc.com st un domaine Internet, ci-apr\u00e8s d\u00e9nomm\u00e9 WEB, propri\u00e9t\u00e9 d&rsquo;ESQUIA, S.A. L&rsquo;utilisation par l&rsquo;utilisateur des services contenus dans le site Web implique l&rsquo;acceptation expresse des conditions g\u00e9n\u00e9rales suivantes des domaines et l&rsquo;acceptation explicite des conditions g\u00e9n\u00e9rales qui impliquent un accord entre l&rsquo;utilisateur et ESQUIA, S.A. Conditions g\u00e9n\u00e9rales entre ESQUIA, S.A. et l&rsquo;utilisateur: ...\" \/>\n<meta property=\"og:url\" content=\"https:\/\/www.hoteltucblancbaqueira.com\/fr\/conditions-generales-dutilisation\/\" \/>\n<meta property=\"og:site_name\" content=\"Hotel Tuc Blanc Baqueira\" \/>\n<meta property=\"article:modified_time\" content=\"2025-07-22T07:07:52+00:00\" \/>\n<meta name=\"twitter:card\" content=\"summary_large_image\" \/>\n<meta name=\"twitter:label1\" content=\"Dur\u00e9e de lecture estim\u00e9e\" \/>\n\t<meta name=\"twitter:data1\" content=\"4 minutes\" \/>\n<script type=\"application\/ld+json\" class=\"yoast-schema-graph\">{\"@context\":\"https:\\\/\\\/schema.org\",\"@graph\":[{\"@type\":\"WebPage\",\"@id\":\"https:\\\/\\\/www.hoteltucblancbaqueira.com\\\/fr\\\/conditions-generales-dutilisation\\\/\",\"url\":\"https:\\\/\\\/www.hoteltucblancbaqueira.com\\\/fr\\\/conditions-generales-dutilisation\\\/\",\"name\":\"Conditions g\u00e9n\u00e9rales d'utilisation | Hotel Tuc Blanc Baqueira\",\"isPartOf\":{\"@id\":\"https:\\\/\\\/www.hoteltucblancbaqueira.com\\\/fr\\\/#website\"},\"datePublished\":\"2025-07-08T15:21:57+00:00\",\"dateModified\":\"2025-07-22T07:07:52+00:00\",\"breadcrumb\":{\"@id\":\"https:\\\/\\\/www.hoteltucblancbaqueira.com\\\/fr\\\/conditions-generales-dutilisation\\\/#breadcrumb\"},\"inLanguage\":\"fr-FR\",\"potentialAction\":[{\"@type\":\"ReadAction\",\"target\":[\"https:\\\/\\\/www.hoteltucblancbaqueira.com\\\/fr\\\/conditions-generales-dutilisation\\\/\"]}]},{\"@type\":\"BreadcrumbList\",\"@id\":\"https:\\\/\\\/www.hoteltucblancbaqueira.com\\\/fr\\\/conditions-generales-dutilisation\\\/#breadcrumb\",\"itemListElement\":[{\"@type\":\"ListItem\",\"position\":1,\"name\":\"Portada\",\"item\":\"https:\\\/\\\/www.hoteltucblancbaqueira.com\\\/fr\\\/home\\\/\"},{\"@type\":\"ListItem\",\"position\":2,\"name\":\"Conditions g\u00e9n\u00e9rales d&rsquo;utilisation\"}]},{\"@type\":\"WebSite\",\"@id\":\"https:\\\/\\\/www.hoteltucblancbaqueira.com\\\/fr\\\/#website\",\"url\":\"https:\\\/\\\/www.hoteltucblancbaqueira.com\\\/fr\\\/\",\"name\":\"Hotel Tuc Blanc Baqueira\",\"description\":\"Hotel en Baqueira a pie de pistas\",\"publisher\":{\"@id\":\"https:\\\/\\\/www.hoteltucblancbaqueira.com\\\/fr\\\/#organization\"},\"potentialAction\":[{\"@type\":\"SearchAction\",\"target\":{\"@type\":\"EntryPoint\",\"urlTemplate\":\"https:\\\/\\\/www.hoteltucblancbaqueira.com\\\/fr\\\/?s={search_term_string}\"},\"query-input\":{\"@type\":\"PropertyValueSpecification\",\"valueRequired\":true,\"valueName\":\"search_term_string\"}}],\"inLanguage\":\"fr-FR\"},{\"@type\":\"Organization\",\"@id\":\"https:\\\/\\\/www.hoteltucblancbaqueira.com\\\/fr\\\/#organization\",\"name\":\"Hotel Tuc Blanc Baqueira\",\"url\":\"https:\\\/\\\/www.hoteltucblancbaqueira.com\\\/fr\\\/\",\"logo\":{\"@type\":\"ImageObject\",\"inLanguage\":\"fr-FR\",\"@id\":\"https:\\\/\\\/www.hoteltucblancbaqueira.com\\\/fr\\\/#\\\/schema\\\/logo\\\/image\\\/\",\"url\":\"https:\\\/\\\/www.hoteltucblancbaqueira.com\\\/wp-content\\\/uploads\\\/2025\\\/05\\\/logo_header.svg\",\"contentUrl\":\"https:\\\/\\\/www.hoteltucblancbaqueira.com\\\/wp-content\\\/uploads\\\/2025\\\/05\\\/logo_header.svg\",\"width\":398,\"height\":101,\"caption\":\"Hotel Tuc Blanc Baqueira\"},\"image\":{\"@id\":\"https:\\\/\\\/www.hoteltucblancbaqueira.com\\\/fr\\\/#\\\/schema\\\/logo\\\/image\\\/\"}}]}<\/script>\n<!-- \/ Yoast SEO plugin. -->","yoast_head_json":{"title":"Conditions g\u00e9n\u00e9rales d'utilisation | Hotel Tuc Blanc Baqueira","robots":{"index":"index","follow":"follow","max-snippet":"max-snippet:-1","max-image-preview":"max-image-preview:large","max-video-preview":"max-video-preview:-1"},"canonical":"https:\/\/www.hoteltucblancbaqueira.com\/fr\/conditions-generales-dutilisation\/","og_locale":"fr_FR","og_type":"article","og_title":"Conditions g\u00e9n\u00e9rales d'utilisation | Hotel Tuc Blanc Baqueira","og_description":"Conditions g\u00e9n\u00e9rales d&rsquo;utilisation http:\/\/www.hoteltucblanc.com st un domaine Internet, ci-apr\u00e8s d\u00e9nomm\u00e9 WEB, propri\u00e9t\u00e9 d&rsquo;ESQUIA, S.A. L&rsquo;utilisation par l&rsquo;utilisateur des services contenus dans le site Web implique l&rsquo;acceptation expresse des conditions g\u00e9n\u00e9rales suivantes des domaines et l&rsquo;acceptation explicite des conditions g\u00e9n\u00e9rales qui impliquent un accord entre l&rsquo;utilisateur et ESQUIA, S.A. Conditions g\u00e9n\u00e9rales entre ESQUIA, S.A. et l&rsquo;utilisateur: ...","og_url":"https:\/\/www.hoteltucblancbaqueira.com\/fr\/conditions-generales-dutilisation\/","og_site_name":"Hotel Tuc Blanc Baqueira","article_modified_time":"2025-07-22T07:07:52+00:00","twitter_card":"summary_large_image","twitter_misc":{"Dur\u00e9e de lecture estim\u00e9e":"4 minutes"},"schema":{"@context":"https:\/\/schema.org","@graph":[{"@type":"WebPage","@id":"https:\/\/www.hoteltucblancbaqueira.com\/fr\/conditions-generales-dutilisation\/","url":"https:\/\/www.hoteltucblancbaqueira.com\/fr\/conditions-generales-dutilisation\/","name":"Conditions g\u00e9n\u00e9rales d'utilisation | Hotel Tuc Blanc Baqueira","isPartOf":{"@id":"https:\/\/www.hoteltucblancbaqueira.com\/fr\/#website"},"datePublished":"2025-07-08T15:21:57+00:00","dateModified":"2025-07-22T07:07:52+00:00","breadcrumb":{"@id":"https:\/\/www.hoteltucblancbaqueira.com\/fr\/conditions-generales-dutilisation\/#breadcrumb"},"inLanguage":"fr-FR","potentialAction":[{"@type":"ReadAction","target":["https:\/\/www.hoteltucblancbaqueira.com\/fr\/conditions-generales-dutilisation\/"]}]},{"@type":"BreadcrumbList","@id":"https:\/\/www.hoteltucblancbaqueira.com\/fr\/conditions-generales-dutilisation\/#breadcrumb","itemListElement":[{"@type":"ListItem","position":1,"name":"Portada","item":"https:\/\/www.hoteltucblancbaqueira.com\/fr\/home\/"},{"@type":"ListItem","position":2,"name":"Conditions g\u00e9n\u00e9rales d&rsquo;utilisation"}]},{"@type":"WebSite","@id":"https:\/\/www.hoteltucblancbaqueira.com\/fr\/#website","url":"https:\/\/www.hoteltucblancbaqueira.com\/fr\/","name":"Hotel Tuc Blanc Baqueira","description":"Hotel en Baqueira a pie de pistas","publisher":{"@id":"https:\/\/www.hoteltucblancbaqueira.com\/fr\/#organization"},"potentialAction":[{"@type":"SearchAction","target":{"@type":"EntryPoint","urlTemplate":"https:\/\/www.hoteltucblancbaqueira.com\/fr\/?s={search_term_string}"},"query-input":{"@type":"PropertyValueSpecification","valueRequired":true,"valueName":"search_term_string"}}],"inLanguage":"fr-FR"},{"@type":"Organization","@id":"https:\/\/www.hoteltucblancbaqueira.com\/fr\/#organization","name":"Hotel Tuc Blanc Baqueira","url":"https:\/\/www.hoteltucblancbaqueira.com\/fr\/","logo":{"@type":"ImageObject","inLanguage":"fr-FR","@id":"https:\/\/www.hoteltucblancbaqueira.com\/fr\/#\/schema\/logo\/image\/","url":"https:\/\/www.hoteltucblancbaqueira.com\/wp-content\/uploads\/2025\/05\/logo_header.svg","contentUrl":"https:\/\/www.hoteltucblancbaqueira.com\/wp-content\/uploads\/2025\/05\/logo_header.svg","width":398,"height":101,"caption":"Hotel Tuc Blanc Baqueira"},"image":{"@id":"https:\/\/www.hoteltucblancbaqueira.com\/fr\/#\/schema\/logo\/image\/"}}]}},"_links":{"self":[{"href":"https:\/\/www.hoteltucblancbaqueira.com\/fr\/wp-json\/wp\/v2\/pages\/5926","targetHints":{"allow":["GET"]}}],"collection":[{"href":"https:\/\/www.hoteltucblancbaqueira.com\/fr\/wp-json\/wp\/v2\/pages"}],"about":[{"href":"https:\/\/www.hoteltucblancbaqueira.com\/fr\/wp-json\/wp\/v2\/types\/page"}],"author":[{"embeddable":true,"href":"https:\/\/www.hoteltucblancbaqueira.com\/fr\/wp-json\/wp\/v2\/users\/1"}],"replies":[{"embeddable":true,"href":"https:\/\/www.hoteltucblancbaqueira.com\/fr\/wp-json\/wp\/v2\/comments?post=5926"}],"version-history":[{"count":0,"href":"https:\/\/www.hoteltucblancbaqueira.com\/fr\/wp-json\/wp\/v2\/pages\/5926\/revisions"}],"wp:attachment":[{"href":"https:\/\/www.hoteltucblancbaqueira.com\/fr\/wp-json\/wp\/v2\/media?parent=5926"}],"curies":[{"name":"wp","href":"https:\/\/api.w.org\/{rel}","templated":true}]}}