{"id":5932,"date":"2025-07-08T17:18:01","date_gmt":"2025-07-08T15:18:01","guid":{"rendered":"https:\/\/www.hoteltucblancbaqueira.com\/politique-de-cookies\/"},"modified":"2025-07-22T09:35:25","modified_gmt":"2025-07-22T07:35:25","slug":"politique-de-cookies","status":"publish","type":"page","link":"https:\/\/www.hoteltucblancbaqueira.com\/fr\/politique-de-cookies\/","title":{"rendered":"Politique de cookies"},"content":{"rendered":"\t\t<div data-elementor-type=\"wp-page\" data-elementor-id=\"5932\" class=\"elementor elementor-5932 elementor-4763\" data-elementor-post-type=\"page\">\n\t\t\t\t<div class=\"elementor-element elementor-element-693e65f e-con-full e-flex e-con e-parent\" data-id=\"693e65f\" data-element_type=\"container\" data-e-type=\"container\">\n\t\t\t\t<\/div>\n\t\t<div class=\"elementor-element elementor-element-a306702 e-flex e-con-boxed e-con e-parent\" data-id=\"a306702\" data-element_type=\"container\" data-e-type=\"container\">\n\t\t\t\t\t<div class=\"e-con-inner\">\n\t\t\t\t<div class=\"elementor-element elementor-element-cd68ad3 elementor-widget elementor-widget-cs_title\" data-id=\"cd68ad3\" data-element_type=\"widget\" data-e-type=\"widget\" data-widget_type=\"cs_title.default\">\n\t\t\t\t<div class=\"elementor-widget-container\">\n\t\t\t\t\t\n        <div class=\"cs-title-wrap text-left\">\t            <h4 class=\"cs-title\">\n\t                Politique de cookies\t            <\/h4>\t            <div class=\"cs-title-text\">\n\t                <p>En raison de l&rsquo;entr\u00e9e en vigueur de la modification de la \u00ab Ley de Servicios de la Sociedad de la Informaci\u00f3n \u00bb (LSSICE) \u00e9tablie par le d\u00e9cret royal 13\/2012, il est obligatoire d&rsquo;obtenir le consentement expr\u00e8s de l&rsquo;utilisateur de tous les sites web qui utilisent des <em>cookies <\/em>avant de naviguer sur ces derniers.<\/p><h3>Que sont les <em>cookies<\/em>?<\/h3><p>Les <em>cookies <\/em>et autres technologies similaires telles que <em>les objets locaux partag\u00e9s, les cookies flash ou les pixels<\/em>, sont des outils utilis\u00e9s par les serveurs web pour stocker et r\u00e9cup\u00e9rer des informations sur leurs visiteurs, ainsi que pour assurer le bon fonctionnement du site.<\/p><p>L&rsquo;utilisation de ces dispositifs permet au serveur web de m\u00e9moriser certaines donn\u00e9es concernant l&rsquo;utilisateur, telles que ses pr\u00e9f\u00e9rences en mati\u00e8re de consultation des pages de ce serveur, les produits qui l&rsquo;int\u00e9ressent le plus, etc.<\/p><h3><em>Cookies <\/em>concern\u00e9s par le r\u00e8glement et <em>cookies <\/em>exempt\u00e9s<\/h3><p>Selon la directive europ\u00e9enne, les <em>cookies <\/em>qui requi\u00e8rent le consentement \u00e9clair\u00e9 de l&rsquo;utilisateur sont les <em>cookies <\/em>analytiques et les cookies publicitaires et d&rsquo;affiliation, \u00e0 l&rsquo;exception des cookies techniques et de ceux qui sont n\u00e9cessaires \u00e0 la fourniture d&rsquo;un service express\u00e9ment demand\u00e9 par l&rsquo;utilisateur.<\/p><h3>Quels sont les types de <em>cookies <\/em>?<\/h3><p>Les <em>cookies <\/em>peuvent \u00eatre class\u00e9s en cinq groupes principaux:<\/p><p>\u2022 <em>Cookies<\/em> analytiques : ils collectent des informations sur l&rsquo;utilisation du site web.<\/p><p>\u2022 <em>Cookies<\/em> sociaux : il s&rsquo;agit des cookies n\u00e9cessaires pour les r\u00e9seaux sociaux externes.<\/p><p>\u2022 <em>Cookies<\/em> d&rsquo;affiliation : permettent de suivre les visites d&rsquo;autres sites web avec lesquels le site web a un contrat d&rsquo;affiliation (soci\u00e9t\u00e9s affili\u00e9es).<\/p><p>\u2022 <em>Cookies<\/em> publicitaires et comportementaux : ils recueillent des informations sur les pr\u00e9f\u00e9rences et les choix personnels de l&rsquo;utilisateur (reciblage).<\/p><p>\u2022 <em>Cookies<\/em> techniques et fonctionnels : ils sont strictement n\u00e9cessaires \u00e0 l&rsquo;utilisation du site web et \u00e0 la fourniture du service contractuel.<\/p><h3><em>Cookies <\/em>utilis\u00e9s par notre site web :<\/h3><table><thead><tr><th scope=\"col\">Nom <em>cookie<\/em><\/th><th scope=\"col\">Description<\/th><\/tr><\/thead><tbody><tr><td>__utma, __utmb, __utmc, __utmz, __utmv<\/td><td>Google Analytics. Service de statistiques. Ils collectent des informations anonymes sur la navigation des utilisateurs sur le site web afin de conna\u00eetre l&rsquo;origine des visites et d&rsquo;autres statistiques.  <\/td><\/tr><tr><td>has_js<\/td><td><em>Cookie<\/em> technique utilis\u00e9e pour contr\u00f4ler si le navigateur accepte le Javascript.<\/td><\/tr><tr><td>__unam<\/td><td><em>Cookie<\/em> social utilis\u00e9 lors du partage d&rsquo;informations du site web vers les r\u00e9seaux sociaux.<\/td><\/tr><tr><td>SESS<\/td><td><em>Cookie<\/em> technique utilis\u00e9e pour stocker la session de l&rsquo;utilisateur.<\/td><\/tr><tr><td>Otras<\/td><td><em>Cookies<\/em> techniques utiles pour offrir une meilleure exp\u00e9rience de navigation \u00e0 l&rsquo;utilisateur.<\/td><\/tr><\/tbody><\/table>\t            <\/div>        <\/div>\t\t\t\t<\/div>\n\t\t\t\t<\/div>\n\t\t\t\t\t<\/div>\n\t\t\t\t<\/div>\n\t\t\t\t<\/div>\n\t\t","protected":false},"excerpt":{"rendered":"<p>Politique de cookies En raison de l&rsquo;entr\u00e9e en vigueur de la modification de la \u00ab Ley de Servicios de la Sociedad de la Informaci\u00f3n \u00bb (LSSICE) \u00e9tablie par le d\u00e9cret royal 13\/2012, il est obligatoire d&rsquo;obtenir le consentement expr\u00e8s de l&rsquo;utilisateur de tous les sites web qui utilisent des cookies avant de naviguer sur ces &#8230;<\/p>\n","protected":false},"author":1,"featured_media":0,"parent":0,"menu_order":0,"comment_status":"closed","ping_status":"closed","template":"template-wide-content.php","meta":{"cozystay_single_page_hide_site_header":"","cozystay_single_page_site_header_source":"","cozystay_single_page_custom_site_header":"0","cozystay_single_page_custom_sticky_site_header":"0","cozystay_single_page_hide_page_title":"","cozystay_single_page_header_section_size":"","cozystay_single_page_header_background_color":"","cozystay_single_page_header_background_position_x":"center","cozystay_single_page_header_background_position_y":"center","cozystay_single_page_header_background_size":"cover","cozystay_single_page_header_background_repeat":"off","cozystay_single_page_header_background_scroll":"on","cozystay_single_page_header_text_color":"","cozystay_single_page_header_show_breadcrumb":"","cozystay_single_page_site_footer_hide_main":"","cozystay_single_custom_site_footer_main_source":"","cozystay_single_custom_site_footer_main":"0","cozystay_single_page_site_footer_hide_above":"","cozystay_single_custom_site_footer_above_source":"","cozystay_single_custom_site_footer_above":"0","cozystay_single_page_site_footer_hide_instagram":"","cozystay_single_page_site_footer_hide_bottom":"","cozystay_single_custom_mobile_menu_source":"","cozystay_single_custom_mobile_menu":"0","cozystay_single_custom_mobile_menu_animation":"","cozystay_single_custom_mobile_menu_width":"","cozystay_single_custom_mobile_menu_custom_width":375,"footnotes":""},"class_list":["post-5932","page","type-page","status-publish","hentry"],"yoast_head":"<!-- This site is optimized with the Yoast SEO plugin v27.0 - https:\/\/yoast.com\/product\/yoast-seo-wordpress\/ -->\n<title>Politique de cookies | Hotel Tuc Blanc Baqueira<\/title>\n<meta name=\"robots\" content=\"index, follow, max-snippet:-1, max-image-preview:large, max-video-preview:-1\" \/>\n<link rel=\"canonical\" href=\"https:\/\/www.hoteltucblancbaqueira.com\/fr\/politique-de-cookies\/\" \/>\n<meta property=\"og:locale\" content=\"fr_FR\" \/>\n<meta property=\"og:type\" content=\"article\" \/>\n<meta property=\"og:title\" content=\"Politique de cookies | Hotel Tuc Blanc Baqueira\" \/>\n<meta property=\"og:description\" content=\"Politique de cookies En raison de l&rsquo;entr\u00e9e en vigueur de la modification de la \u00ab Ley de Servicios de la Sociedad de la Informaci\u00f3n \u00bb (LSSICE) \u00e9tablie par le d\u00e9cret royal 13\/2012, il est obligatoire d&rsquo;obtenir le consentement expr\u00e8s de l&rsquo;utilisateur de tous les sites web qui utilisent des cookies avant de naviguer sur ces ...\" \/>\n<meta property=\"og:url\" content=\"https:\/\/www.hoteltucblancbaqueira.com\/fr\/politique-de-cookies\/\" \/>\n<meta property=\"og:site_name\" content=\"Hotel Tuc Blanc Baqueira\" \/>\n<meta property=\"article:modified_time\" content=\"2025-07-22T07:35:25+00:00\" \/>\n<meta name=\"twitter:card\" content=\"summary_large_image\" \/>\n<meta name=\"twitter:label1\" content=\"Dur\u00e9e de lecture estim\u00e9e\" \/>\n\t<meta name=\"twitter:data1\" content=\"2 minutes\" \/>\n<script type=\"application\/ld+json\" class=\"yoast-schema-graph\">{\"@context\":\"https:\/\/schema.org\",\"@graph\":[{\"@type\":\"WebPage\",\"@id\":\"https:\/\/www.hoteltucblancbaqueira.com\/fr\/politique-de-cookies\/\",\"url\":\"https:\/\/www.hoteltucblancbaqueira.com\/fr\/politique-de-cookies\/\",\"name\":\"Politique de cookies | Hotel Tuc Blanc Baqueira\",\"isPartOf\":{\"@id\":\"https:\/\/www.hoteltucblancbaqueira.com\/fr\/#website\"},\"datePublished\":\"2025-07-08T15:18:01+00:00\",\"dateModified\":\"2025-07-22T07:35:25+00:00\",\"breadcrumb\":{\"@id\":\"https:\/\/www.hoteltucblancbaqueira.com\/fr\/politique-de-cookies\/#breadcrumb\"},\"inLanguage\":\"fr-FR\",\"potentialAction\":[{\"@type\":\"ReadAction\",\"target\":[\"https:\/\/www.hoteltucblancbaqueira.com\/fr\/politique-de-cookies\/\"]}]},{\"@type\":\"BreadcrumbList\",\"@id\":\"https:\/\/www.hoteltucblancbaqueira.com\/fr\/politique-de-cookies\/#breadcrumb\",\"itemListElement\":[{\"@type\":\"ListItem\",\"position\":1,\"name\":\"Portada\",\"item\":\"https:\/\/www.hoteltucblancbaqueira.com\/fr\/\"},{\"@type\":\"ListItem\",\"position\":2,\"name\":\"Politique de cookies\"}]},{\"@type\":\"WebSite\",\"@id\":\"https:\/\/www.hoteltucblancbaqueira.com\/fr\/#website\",\"url\":\"https:\/\/www.hoteltucblancbaqueira.com\/fr\/\",\"name\":\"Hotel Tuc Blanc Baqueira\",\"description\":\"Hotel en Baqueira a pie de pistas\",\"publisher\":{\"@id\":\"https:\/\/www.hoteltucblancbaqueira.com\/fr\/#organization\"},\"potentialAction\":[{\"@type\":\"SearchAction\",\"target\":{\"@type\":\"EntryPoint\",\"urlTemplate\":\"https:\/\/www.hoteltucblancbaqueira.com\/fr\/?s={search_term_string}\"},\"query-input\":{\"@type\":\"PropertyValueSpecification\",\"valueRequired\":true,\"valueName\":\"search_term_string\"}}],\"inLanguage\":\"fr-FR\"},{\"@type\":\"Organization\",\"@id\":\"https:\/\/www.hoteltucblancbaqueira.com\/fr\/#organization\",\"name\":\"Hotel Tuc Blanc Baqueira\",\"url\":\"https:\/\/www.hoteltucblancbaqueira.com\/fr\/\",\"logo\":{\"@type\":\"ImageObject\",\"inLanguage\":\"fr-FR\",\"@id\":\"https:\/\/www.hoteltucblancbaqueira.com\/fr\/#\/schema\/logo\/image\/\",\"url\":\"https:\/\/www.hoteltucblancbaqueira.com\/wp-content\/uploads\/2025\/05\/logo_header.svg\",\"contentUrl\":\"https:\/\/www.hoteltucblancbaqueira.com\/wp-content\/uploads\/2025\/05\/logo_header.svg\",\"width\":398,\"height\":101,\"caption\":\"Hotel Tuc Blanc Baqueira\"},\"image\":{\"@id\":\"https:\/\/www.hoteltucblancbaqueira.com\/fr\/#\/schema\/logo\/image\/\"}}]}<\/script>\n<!-- \/ Yoast SEO plugin. -->","yoast_head_json":{"title":"Politique de cookies | Hotel Tuc Blanc Baqueira","robots":{"index":"index","follow":"follow","max-snippet":"max-snippet:-1","max-image-preview":"max-image-preview:large","max-video-preview":"max-video-preview:-1"},"canonical":"https:\/\/www.hoteltucblancbaqueira.com\/fr\/politique-de-cookies\/","og_locale":"fr_FR","og_type":"article","og_title":"Politique de cookies | Hotel Tuc Blanc Baqueira","og_description":"Politique de cookies En raison de l&rsquo;entr\u00e9e en vigueur de la modification de la \u00ab Ley de Servicios de la Sociedad de la Informaci\u00f3n \u00bb (LSSICE) \u00e9tablie par le d\u00e9cret royal 13\/2012, il est obligatoire d&rsquo;obtenir le consentement expr\u00e8s de l&rsquo;utilisateur de tous les sites web qui utilisent des cookies avant de naviguer sur ces ...","og_url":"https:\/\/www.hoteltucblancbaqueira.com\/fr\/politique-de-cookies\/","og_site_name":"Hotel Tuc Blanc Baqueira","article_modified_time":"2025-07-22T07:35:25+00:00","twitter_card":"summary_large_image","twitter_misc":{"Dur\u00e9e de lecture estim\u00e9e":"2 minutes"},"schema":{"@context":"https:\/\/schema.org","@graph":[{"@type":"WebPage","@id":"https:\/\/www.hoteltucblancbaqueira.com\/fr\/politique-de-cookies\/","url":"https:\/\/www.hoteltucblancbaqueira.com\/fr\/politique-de-cookies\/","name":"Politique de cookies | Hotel Tuc Blanc Baqueira","isPartOf":{"@id":"https:\/\/www.hoteltucblancbaqueira.com\/fr\/#website"},"datePublished":"2025-07-08T15:18:01+00:00","dateModified":"2025-07-22T07:35:25+00:00","breadcrumb":{"@id":"https:\/\/www.hoteltucblancbaqueira.com\/fr\/politique-de-cookies\/#breadcrumb"},"inLanguage":"fr-FR","potentialAction":[{"@type":"ReadAction","target":["https:\/\/www.hoteltucblancbaqueira.com\/fr\/politique-de-cookies\/"]}]},{"@type":"BreadcrumbList","@id":"https:\/\/www.hoteltucblancbaqueira.com\/fr\/politique-de-cookies\/#breadcrumb","itemListElement":[{"@type":"ListItem","position":1,"name":"Portada","item":"https:\/\/www.hoteltucblancbaqueira.com\/fr\/"},{"@type":"ListItem","position":2,"name":"Politique de cookies"}]},{"@type":"WebSite","@id":"https:\/\/www.hoteltucblancbaqueira.com\/fr\/#website","url":"https:\/\/www.hoteltucblancbaqueira.com\/fr\/","name":"Hotel Tuc Blanc Baqueira","description":"Hotel en Baqueira a pie de pistas","publisher":{"@id":"https:\/\/www.hoteltucblancbaqueira.com\/fr\/#organization"},"potentialAction":[{"@type":"SearchAction","target":{"@type":"EntryPoint","urlTemplate":"https:\/\/www.hoteltucblancbaqueira.com\/fr\/?s={search_term_string}"},"query-input":{"@type":"PropertyValueSpecification","valueRequired":true,"valueName":"search_term_string"}}],"inLanguage":"fr-FR"},{"@type":"Organization","@id":"https:\/\/www.hoteltucblancbaqueira.com\/fr\/#organization","name":"Hotel Tuc Blanc Baqueira","url":"https:\/\/www.hoteltucblancbaqueira.com\/fr\/","logo":{"@type":"ImageObject","inLanguage":"fr-FR","@id":"https:\/\/www.hoteltucblancbaqueira.com\/fr\/#\/schema\/logo\/image\/","url":"https:\/\/www.hoteltucblancbaqueira.com\/wp-content\/uploads\/2025\/05\/logo_header.svg","contentUrl":"https:\/\/www.hoteltucblancbaqueira.com\/wp-content\/uploads\/2025\/05\/logo_header.svg","width":398,"height":101,"caption":"Hotel Tuc Blanc Baqueira"},"image":{"@id":"https:\/\/www.hoteltucblancbaqueira.com\/fr\/#\/schema\/logo\/image\/"}}]}},"_links":{"self":[{"href":"https:\/\/www.hoteltucblancbaqueira.com\/fr\/wp-json\/wp\/v2\/pages\/5932","targetHints":{"allow":["GET"]}}],"collection":[{"href":"https:\/\/www.hoteltucblancbaqueira.com\/fr\/wp-json\/wp\/v2\/pages"}],"about":[{"href":"https:\/\/www.hoteltucblancbaqueira.com\/fr\/wp-json\/wp\/v2\/types\/page"}],"author":[{"embeddable":true,"href":"https:\/\/www.hoteltucblancbaqueira.com\/fr\/wp-json\/wp\/v2\/users\/1"}],"replies":[{"embeddable":true,"href":"https:\/\/www.hoteltucblancbaqueira.com\/fr\/wp-json\/wp\/v2\/comments?post=5932"}],"version-history":[{"count":0,"href":"https:\/\/www.hoteltucblancbaqueira.com\/fr\/wp-json\/wp\/v2\/pages\/5932\/revisions"}],"wp:attachment":[{"href":"https:\/\/www.hoteltucblancbaqueira.com\/fr\/wp-json\/wp\/v2\/media?parent=5932"}],"curies":[{"name":"wp","href":"https:\/\/api.w.org\/{rel}","templated":true}]}}